{"id":983,"date":"2020-09-29T10:11:44","date_gmt":"2020-09-29T10:11:44","guid":{"rendered":"https:\/\/dealbariza.com\/?post_type=product&#038;p=983"},"modified":"2020-10-08T09:16:59","modified_gmt":"2020-10-08T09:16:59","slug":"as-de-mirabras-75-cl","status":"publish","type":"product","link":"https:\/\/dealbariza.com\/?product=as-de-mirabras-75-cl","title":{"rendered":"As de Mirabr\u00e1s &#8211; 75 cl"},"content":{"rendered":"<p>\u00c1S de Mirabr\u00e1s es fruto del trabajo de dos a\u00f1os de selecci\u00f3n de viejas vi\u00f1as de tierra albariza, de entre las que Barbadillo vinifica tradicionalmente. La selecci\u00f3n de las parcelas ha dependido exclusivamente de la calidad de la vi\u00f1a, resultando que las seleccionadas en primera instancia se ubican en los hist\u00f3ricos pagos de Miraflores, A\u00f1ina, Macharnudo, Campix y Santa Luc\u00eda.<br \/>\nEl objetivo de \u00c1S de Mirabr\u00e1s es explorar el potencial de las vi\u00f1as m\u00e1s viejas en el contexto m\u00e1s accesible y general de los vinos blancos, haci\u00e9ndolos comprensibles para cualquier aficionado sin necesidad de que tenga inter\u00e9s por las elaboraciones hist\u00f3ricas sanluque\u00f1as ni jerezanas.<\/p>\n<p>VISTA<\/p>\n<p>Color amarillo p\u00e1lido.<\/p>\n<p>Nariz<br \/>\nNARIZ<\/p>\n<p>S\u00e1pido y fresco. Con aromas intensos, complejos y evocadores.<\/p>\n<p>Boca<br \/>\nBOCA<\/p>\n<p>Bien estructurado, sabor intenso que no disimula su origen sure\u00f1o, de suelos de albariza vieja.<\/p>\n<p>Maridaje<br \/>\nMARIDAJE<\/p>\n<p>Perfecto acompa\u00f1ante de quesos, arroz caldoso de marisco o verduras.<\/p>\n<p>14% Vol &#8211; 75 cl<\/p>\n","protected":false},"excerpt":{"rendered":"<p>\u00c1S de Mirabr\u00e1s es fruto del trabajo de dos a\u00f1os de selecci\u00f3n de viejas vi\u00f1as de tierra albariza, de entre las que Barbadillo vinifica tradicionalmente. La selecci\u00f3n de las parcelas ha dependido exclusivamente de la calidad de la vi\u00f1a, resultando que las seleccionadas en primera instancia se ubican en los hist\u00f3ricos pagos de Miraflores, A\u00f1ina, Macharnudo, Campix y Santa Luc\u00eda.<\/p>\n<p>14% Vol &#8211; 75 cl<\/p>\n","protected":false},"featured_media":984,"comment_status":"open","ping_status":"closed","template":"","meta":{"nf_dc_page":"","_monsterinsights_skip_tracking":false,"_monsterinsights_sitenote_active":false,"_monsterinsights_sitenote_note":"","_monsterinsights_sitenote_category":0},"product_brand":[],"product_cat":[13,6],"product_tag":[255,254,37,247],"class_list":{"0":"post-983","1":"product","2":"type-product","3":"status-publish","4":"has-post-thumbnail","6":"product_cat-blancos","7":"product_cat-vinos","8":"product_tag-100-palomino","9":"product_tag-as-de-mirabras","10":"product_tag-barbadillo","11":"product_tag-blanco-seco","13":"first","14":"instock","15":"taxable","16":"shipping-taxable","17":"purchasable","18":"product-type-simple"},"yoast_head":"<!-- This site is optimized with the Yoast SEO plugin v27.6 - https:\/\/yoast.com\/product\/yoast-seo-wordpress\/ -->\n<title>As de Mirabr\u00e1s - 75 cl - Dealbariza<\/title>\n<meta name=\"description\" content=\"\u00c1S de Mirabr\u00e1s es fruto del trabajo de dos a\u00f1os de selecci\u00f3n de viejas vi\u00f1as de tierra albariza, de entre las que Barbadillo vinifica tradicionalmente. La selecci\u00f3n de las parcelas ha dependido exclusivamente de la calidad de la vi\u00f1a, resultando que las seleccionadas en primera instancia se ubican en los hist\u00f3ricos pagos de Miraflores, A\u00f1ina, Macharnudo, Campix y Santa Luc\u00eda.14% Vol - 75 cl\" \/>\n<meta name=\"robots\" content=\"index, follow, max-snippet:-1, max-image-preview:large, max-video-preview:-1\" \/>\n<link rel=\"canonical\" href=\"https:\/\/dealbariza.com\/?product=as-de-mirabras-75-cl\" \/>\n<meta property=\"og:locale\" content=\"es_ES\" \/>\n<meta property=\"og:type\" content=\"article\" \/>\n<meta property=\"og:title\" content=\"As de Mirabr\u00e1s - 75 cl - Dealbariza\" \/>\n<meta property=\"og:description\" content=\"\u00c1S de Mirabr\u00e1s es fruto del trabajo de dos a\u00f1os de selecci\u00f3n de viejas vi\u00f1as de tierra albariza, de entre las que Barbadillo vinifica tradicionalmente. La selecci\u00f3n de las parcelas ha dependido exclusivamente de la calidad de la vi\u00f1a, resultando que las seleccionadas en primera instancia se ubican en los hist\u00f3ricos pagos de Miraflores, A\u00f1ina, Macharnudo, Campix y Santa Luc\u00eda.14% Vol - 75 cl\" \/>\n<meta property=\"og:url\" content=\"https:\/\/dealbariza.com\/?product=as-de-mirabras-75-cl\" \/>\n<meta property=\"og:site_name\" content=\"Dealbariza\" \/>\n<meta property=\"article:modified_time\" content=\"2020-10-08T09:16:59+00:00\" \/>\n<meta property=\"og:image\" content=\"https:\/\/dealbariza.com\/wp-content\/uploads\/2020\/09\/Barbadillo-\u00c1s-de-Mirabr\u00e1s-163x500-1.jpg\" \/>\n\t<meta property=\"og:image:width\" content=\"523\" \/>\n\t<meta property=\"og:image:height\" content=\"500\" \/>\n\t<meta property=\"og:image:type\" content=\"image\/jpeg\" \/>\n<meta name=\"twitter:card\" content=\"summary_large_image\" \/>\n<meta name=\"twitter:label1\" content=\"Tiempo de lectura\" \/>\n\t<meta name=\"twitter:data1\" content=\"1 minuto\" \/>\n<script type=\"application\/ld+json\" class=\"yoast-schema-graph\">{\"@context\":\"https:\\\/\\\/schema.org\",\"@graph\":[{\"@type\":\"WebPage\",\"@id\":\"https:\\\/\\\/dealbariza.com\\\/?product=as-de-mirabras-75-cl\",\"url\":\"https:\\\/\\\/dealbariza.com\\\/?product=as-de-mirabras-75-cl\",\"name\":\"As de Mirabr\u00e1s - 75 cl - Dealbariza\",\"isPartOf\":{\"@id\":\"https:\\\/\\\/dealbariza.com\\\/#website\"},\"primaryImageOfPage\":{\"@id\":\"https:\\\/\\\/dealbariza.com\\\/?product=as-de-mirabras-75-cl#primaryimage\"},\"image\":{\"@id\":\"https:\\\/\\\/dealbariza.com\\\/?product=as-de-mirabras-75-cl#primaryimage\"},\"thumbnailUrl\":\"https:\\\/\\\/dealbariza.com\\\/wp-content\\\/uploads\\\/2020\\\/09\\\/Barbadillo-\u00c1s-de-Mirabr\u00e1s-163x500-1.jpg\",\"datePublished\":\"2020-09-29T10:11:44+00:00\",\"dateModified\":\"2020-10-08T09:16:59+00:00\",\"description\":\"\u00c1S de Mirabr\u00e1s es fruto del trabajo de dos a\u00f1os de selecci\u00f3n de viejas vi\u00f1as de tierra albariza, de entre las que Barbadillo vinifica tradicionalmente. La selecci\u00f3n de las parcelas ha dependido exclusivamente de la calidad de la vi\u00f1a, resultando que las seleccionadas en primera instancia se ubican en los hist\u00f3ricos pagos de Miraflores, A\u00f1ina, Macharnudo, Campix y Santa Luc\u00eda.14% Vol - 75 cl\",\"breadcrumb\":{\"@id\":\"https:\\\/\\\/dealbariza.com\\\/?product=as-de-mirabras-75-cl#breadcrumb\"},\"inLanguage\":\"es\",\"potentialAction\":[{\"@type\":\"ReadAction\",\"target\":[\"https:\\\/\\\/dealbariza.com\\\/?product=as-de-mirabras-75-cl\"]}]},{\"@type\":\"ImageObject\",\"inLanguage\":\"es\",\"@id\":\"https:\\\/\\\/dealbariza.com\\\/?product=as-de-mirabras-75-cl#primaryimage\",\"url\":\"https:\\\/\\\/dealbariza.com\\\/wp-content\\\/uploads\\\/2020\\\/09\\\/Barbadillo-\u00c1s-de-Mirabr\u00e1s-163x500-1.jpg\",\"contentUrl\":\"https:\\\/\\\/dealbariza.com\\\/wp-content\\\/uploads\\\/2020\\\/09\\\/Barbadillo-\u00c1s-de-Mirabr\u00e1s-163x500-1.jpg\",\"width\":523,\"height\":500,\"caption\":\"as-de-mirabras-barbadillo\"},{\"@type\":\"BreadcrumbList\",\"@id\":\"https:\\\/\\\/dealbariza.com\\\/?product=as-de-mirabras-75-cl#breadcrumb\",\"itemListElement\":[{\"@type\":\"ListItem\",\"position\":1,\"name\":\"Portada\",\"item\":\"https:\\\/\\\/dealbariza.com\\\/\"},{\"@type\":\"ListItem\",\"position\":2,\"name\":\"Inicio\",\"item\":\"https:\\\/\\\/dealbariza.com\\\/\"},{\"@type\":\"ListItem\",\"position\":3,\"name\":\"As de Mirabr\u00e1s &#8211; 75 cl\"}]},{\"@type\":\"WebSite\",\"@id\":\"https:\\\/\\\/dealbariza.com\\\/#website\",\"url\":\"https:\\\/\\\/dealbariza.com\\\/\",\"name\":\"Dealbariza\",\"description\":\"Los mejores productos de Sanl\u00facar de Barrameda y alrededores\",\"potentialAction\":[{\"@type\":\"SearchAction\",\"target\":{\"@type\":\"EntryPoint\",\"urlTemplate\":\"https:\\\/\\\/dealbariza.com\\\/?s={search_term_string}\"},\"query-input\":{\"@type\":\"PropertyValueSpecification\",\"valueRequired\":true,\"valueName\":\"search_term_string\"}}],\"inLanguage\":\"es\"}]}<\/script>\n<!-- \/ Yoast SEO plugin. -->","yoast_head_json":{"title":"As de Mirabr\u00e1s - 75 cl - Dealbariza","description":"\u00c1S de Mirabr\u00e1s es fruto del trabajo de dos a\u00f1os de selecci\u00f3n de viejas vi\u00f1as de tierra albariza, de entre las que Barbadillo vinifica tradicionalmente. La selecci\u00f3n de las parcelas ha dependido exclusivamente de la calidad de la vi\u00f1a, resultando que las seleccionadas en primera instancia se ubican en los hist\u00f3ricos pagos de Miraflores, A\u00f1ina, Macharnudo, Campix y Santa Luc\u00eda.14% Vol - 75 cl","robots":{"index":"index","follow":"follow","max-snippet":"max-snippet:-1","max-image-preview":"max-image-preview:large","max-video-preview":"max-video-preview:-1"},"canonical":"https:\/\/dealbariza.com\/?product=as-de-mirabras-75-cl","og_locale":"es_ES","og_type":"article","og_title":"As de Mirabr\u00e1s - 75 cl - Dealbariza","og_description":"\u00c1S de Mirabr\u00e1s es fruto del trabajo de dos a\u00f1os de selecci\u00f3n de viejas vi\u00f1as de tierra albariza, de entre las que Barbadillo vinifica tradicionalmente. La selecci\u00f3n de las parcelas ha dependido exclusivamente de la calidad de la vi\u00f1a, resultando que las seleccionadas en primera instancia se ubican en los hist\u00f3ricos pagos de Miraflores, A\u00f1ina, Macharnudo, Campix y Santa Luc\u00eda.14% Vol - 75 cl","og_url":"https:\/\/dealbariza.com\/?product=as-de-mirabras-75-cl","og_site_name":"Dealbariza","article_modified_time":"2020-10-08T09:16:59+00:00","og_image":[{"width":523,"height":500,"url":"https:\/\/dealbariza.com\/wp-content\/uploads\/2020\/09\/Barbadillo-\u00c1s-de-Mirabr\u00e1s-163x500-1.jpg","type":"image\/jpeg"}],"twitter_card":"summary_large_image","twitter_misc":{"Tiempo de lectura":"1 minuto"},"schema":{"@context":"https:\/\/schema.org","@graph":[{"@type":"WebPage","@id":"https:\/\/dealbariza.com\/?product=as-de-mirabras-75-cl","url":"https:\/\/dealbariza.com\/?product=as-de-mirabras-75-cl","name":"As de Mirabr\u00e1s - 75 cl - Dealbariza","isPartOf":{"@id":"https:\/\/dealbariza.com\/#website"},"primaryImageOfPage":{"@id":"https:\/\/dealbariza.com\/?product=as-de-mirabras-75-cl#primaryimage"},"image":{"@id":"https:\/\/dealbariza.com\/?product=as-de-mirabras-75-cl#primaryimage"},"thumbnailUrl":"https:\/\/dealbariza.com\/wp-content\/uploads\/2020\/09\/Barbadillo-\u00c1s-de-Mirabr\u00e1s-163x500-1.jpg","datePublished":"2020-09-29T10:11:44+00:00","dateModified":"2020-10-08T09:16:59+00:00","description":"\u00c1S de Mirabr\u00e1s es fruto del trabajo de dos a\u00f1os de selecci\u00f3n de viejas vi\u00f1as de tierra albariza, de entre las que Barbadillo vinifica tradicionalmente. La selecci\u00f3n de las parcelas ha dependido exclusivamente de la calidad de la vi\u00f1a, resultando que las seleccionadas en primera instancia se ubican en los hist\u00f3ricos pagos de Miraflores, A\u00f1ina, Macharnudo, Campix y Santa Luc\u00eda.14% Vol - 75 cl","breadcrumb":{"@id":"https:\/\/dealbariza.com\/?product=as-de-mirabras-75-cl#breadcrumb"},"inLanguage":"es","potentialAction":[{"@type":"ReadAction","target":["https:\/\/dealbariza.com\/?product=as-de-mirabras-75-cl"]}]},{"@type":"ImageObject","inLanguage":"es","@id":"https:\/\/dealbariza.com\/?product=as-de-mirabras-75-cl#primaryimage","url":"https:\/\/dealbariza.com\/wp-content\/uploads\/2020\/09\/Barbadillo-\u00c1s-de-Mirabr\u00e1s-163x500-1.jpg","contentUrl":"https:\/\/dealbariza.com\/wp-content\/uploads\/2020\/09\/Barbadillo-\u00c1s-de-Mirabr\u00e1s-163x500-1.jpg","width":523,"height":500,"caption":"as-de-mirabras-barbadillo"},{"@type":"BreadcrumbList","@id":"https:\/\/dealbariza.com\/?product=as-de-mirabras-75-cl#breadcrumb","itemListElement":[{"@type":"ListItem","position":1,"name":"Portada","item":"https:\/\/dealbariza.com\/"},{"@type":"ListItem","position":2,"name":"Inicio","item":"https:\/\/dealbariza.com\/"},{"@type":"ListItem","position":3,"name":"As de Mirabr\u00e1s &#8211; 75 cl"}]},{"@type":"WebSite","@id":"https:\/\/dealbariza.com\/#website","url":"https:\/\/dealbariza.com\/","name":"Dealbariza","description":"Los mejores productos de Sanl\u00facar de Barrameda y alrededores","potentialAction":[{"@type":"SearchAction","target":{"@type":"EntryPoint","urlTemplate":"https:\/\/dealbariza.com\/?s={search_term_string}"},"query-input":{"@type":"PropertyValueSpecification","valueRequired":true,"valueName":"search_term_string"}}],"inLanguage":"es"}]}},"_links":{"self":[{"href":"https:\/\/dealbariza.com\/index.php?rest_route=\/wp\/v2\/product\/983","targetHints":{"allow":["GET"]}}],"collection":[{"href":"https:\/\/dealbariza.com\/index.php?rest_route=\/wp\/v2\/product"}],"about":[{"href":"https:\/\/dealbariza.com\/index.php?rest_route=\/wp\/v2\/types\/product"}],"replies":[{"embeddable":true,"href":"https:\/\/dealbariza.com\/index.php?rest_route=%2Fwp%2Fv2%2Fcomments&post=983"}],"wp:featuredmedia":[{"embeddable":true,"href":"https:\/\/dealbariza.com\/index.php?rest_route=\/wp\/v2\/media\/984"}],"wp:attachment":[{"href":"https:\/\/dealbariza.com\/index.php?rest_route=%2Fwp%2Fv2%2Fmedia&parent=983"}],"wp:term":[{"taxonomy":"product_brand","embeddable":true,"href":"https:\/\/dealbariza.com\/index.php?rest_route=%2Fwp%2Fv2%2Fproduct_brand&post=983"},{"taxonomy":"product_cat","embeddable":true,"href":"https:\/\/dealbariza.com\/index.php?rest_route=%2Fwp%2Fv2%2Fproduct_cat&post=983"},{"taxonomy":"product_tag","embeddable":true,"href":"https:\/\/dealbariza.com\/index.php?rest_route=%2Fwp%2Fv2%2Fproduct_tag&post=983"}],"curies":[{"name":"wp","href":"https:\/\/api.w.org\/{rel}","templated":true}]}}