{"id":475,"date":"2017-12-08T16:43:08","date_gmt":"2017-12-08T16:43:08","guid":{"rendered":"http:\/\/dealbariza.com\/?post_type=product&#038;p=475"},"modified":"2025-01-28T17:51:08","modified_gmt":"2025-01-28T17:51:08","slug":"forlong-mon-amour-ecologico-2017-75-cl","status":"publish","type":"product","link":"https:\/\/dealbariza.com\/?product=forlong-mon-amour-ecologico-2017-75-cl","title":{"rendered":"Forlong Mon Amour Ecol\u00f3gico 2017 &#8211; 75 cl"},"content":{"rendered":"<p>Forlong Mon Amour Ecol\u00f3gico 2017 &#8211; 75cl, es un vino blanco ecol\u00f3gico elaborado 100% con uva Palomino del Pago de Forlong. Fermentado en Barricas de Roble Franc\u00e9s y envejecido sobre l\u00edas durante 10 meses.<\/p>\n<p>Sus iniciales\u00a0notas de roble nuevo y manzana\u00a0se van abriendo sobre notas l\u00e1cteas, anisadas y de buen frescor. Complejo, muestra mucha personalidad.<\/p>\n<p>13.50% Vol.<\/p>\n<p>Aqu\u00ed puede comprar Forlong Mon Amour<\/p>\n<div id=\"sgmbShare1-1\" class=\"sgmbShare jssocials-theme-classic sgmbWidget1-1\"><\/div><div class=\"dropdownWrapper dropdownWrapper1 dropdownWrapper-for-widget \" id=\"dropdownWrapper-for-widget\">\r\n\t\t\t\t\t\t<div class=\"dropdownLabel\" id=\"dropdownLabel-share-list\"><span class=\"sgmbButtonListLabel1\">Share List<\/span><\/div>\r\n\t\t\t\t\t\t<div class=\"dropdownPanel dropdownPanel1-1\">\r\n\t\t\t\t\t\t<\/div>\r\n\t\t\t\t\t<\/div><script>  SGMB_URL = \"https:\/\/dealbariza.com\/wp-content\/plugins\/social-media-builder\/\"; jQuery(\".dropdownWrapper\").hide(); SGMB_GOOGLE_ACOUNT = \"\"; <\/script><script type=\"text\/javascript\">\r\n\t\tjQuery(document).ready(function($){var widget = new SGMBWidget();widget.show({\"id\":\"1\",\"title\":\"Redes sociales\",\"options\":{\"currentUrl\":\"1\",\"url\":\"\",\"shareText\":\"\",\"fontSize\":\"14\",\"betweenButtons\":\"1px\",\"theme\":\"classic\",\"buttonsPosition\":\"\",\"socialTheme\":\"\",\"icon\":\"default\",\"buttonsPanelEffect\":\"No Effect\",\"buttonsEffect\":\"No Effect\",\"iconsEffect\":\"No Effect\",\"buttons\":\"{\\\"facebook\\\":{\\\"label\\\":\\\"Share\\\",\\\"icon\\\":\\\"default-facebook\\\"},\\\"twitter\\\":{\\\"label\\\":\\\"Tweet\\\",\\\"icon\\\":\\\"default-twitter\\\",\\\"via\\\":\\\"\\\",\\\"hashtags\\\":\\\"\\\"},\\\"googleplus\\\":{\\\"label\\\":\\\"+1\\\",\\\"icon\\\":\\\"default-googleplus\\\"},\\\"linkedin\\\":{\\\"label\\\":\\\"Share\\\",\\\"icon\\\":\\\"default-linkedin\\\"}}\",\"roundButton\":\"\",\"showLabels\":\"on\",\"showCounts\":\"\",\"showCenter\":\"\",\"showButtonsAsList\":\"\",\"setButtonsPosition\":\"\",\"sgmbDropdownColor\":\"\",\"sgmbDropdownLabelFontSize\":\"14\",\"sgmbDropdownLabelColor\":\"\",\"showButtonsOnEveryPost\":\"\",\"showOnAllPost\":\"\",\"sgmbPostionOnEveryPost\":\"Left\",\"textOnEveryPost\":\"\",\"showButtonsOnMobileDirect\":\"on\"},\"buttonOptions\":{\"facebook\":{\"label\":\"Share\",\"icon\":\"default-facebook\"},\"twitter\":{\"label\":\"Tweet\",\"icon\":\"default-twitter\",\"via\":\"\",\"hashtags\":\"\"},\"googleplus\":{\"label\":\"+1\",\"icon\":\"default-googleplus\"},\"linkedin\":{\"label\":\"Share\",\"icon\":\"default-linkedin\"}},\"button\":[\"facebook\",\"twitter\",\"googleplus\",\"linkedin\"]}, 1, '', 'https:\/\/dealbariza.com\/wp-content\/uploads\/2017\/12\/forlong-mon-amour.jpg', '', 'https:\/\/dealbariza.com\/?product=forlong-mon-amour-ecologico-2017-75-cl'); });<\/script>\n<p>&nbsp;<\/p>\n<p>&nbsp;<\/p>\n","protected":false},"excerpt":{"rendered":"<p>Forlong Mon Amour 2017, es un vino blanco ecol\u00f3gico elaborado 100% con uva Palomino del Pago de Forlong. Fermentado en Barricas de Roble Franc\u00e9s y envejecido sobre l\u00edas durante 10 meses.<\/p>\n<p>Sus iniciales\u00a0notas de roble nuevo y manzana\u00a0se van abriendo sobre notas l\u00e1cteas, anisadas y de buen frescor. Complejo, muestra mucha personalidad.<\/p>\n<p>13.50% Vol.<\/p>\n[sgmb id=\"1\"]\n","protected":false},"featured_media":476,"comment_status":"open","ping_status":"closed","template":"","meta":{"nf_dc_page":"","_monsterinsights_skip_tracking":false,"_monsterinsights_sitenote_active":false,"_monsterinsights_sitenote_note":"","_monsterinsights_sitenote_category":0},"product_brand":[],"product_cat":[13,6],"product_tag":[116,65,67,115],"class_list":{"0":"post-475","1":"product","2":"type-product","3":"status-publish","4":"has-post-thumbnail","6":"product_cat-blancos","7":"product_cat-vinos","8":"product_tag-el-puerto-de-santa-maria","9":"product_tag-forlong","10":"product_tag-tierra-de-cadiz","11":"product_tag-vino-blanco","13":"first","14":"instock","15":"taxable","16":"shipping-taxable","17":"purchasable","18":"product-type-simple"},"yoast_head":"<!-- This site is optimized with the Yoast SEO plugin v27.6 - https:\/\/yoast.com\/product\/yoast-seo-wordpress\/ -->\n<title>Forlong Mon Amour Ecol\u00f3gico 2017 - 75 cl - Dealbariza<\/title>\n<meta name=\"robots\" content=\"index, follow, max-snippet:-1, max-image-preview:large, max-video-preview:-1\" \/>\n<link rel=\"canonical\" href=\"https:\/\/dealbariza.com\/?product=forlong-mon-amour-ecologico-2017-75-cl\" \/>\n<meta property=\"og:locale\" content=\"es_ES\" \/>\n<meta property=\"og:type\" content=\"article\" \/>\n<meta property=\"og:title\" content=\"Forlong Mon Amour Ecol\u00f3gico 2017 - 75 cl - Dealbariza\" \/>\n<meta property=\"og:description\" content=\"Forlong Mon Amour 2017, es un vino blanco ecol\u00f3gico elaborado 100% con uva Palomino del Pago de Forlong. Fermentado en Barricas de Roble Franc\u00e9s y envejecido sobre l\u00edas durante 10 meses.  Sus iniciales\u00a0notas de roble nuevo y manzana\u00a0se van abriendo sobre notas l\u00e1cteas, anisadas y de buen frescor. Complejo, muestra mucha personalidad.  13.50% Vol.\" \/>\n<meta property=\"og:url\" content=\"https:\/\/dealbariza.com\/?product=forlong-mon-amour-ecologico-2017-75-cl\" \/>\n<meta property=\"og:site_name\" content=\"Dealbariza\" \/>\n<meta property=\"article:modified_time\" content=\"2025-01-28T17:51:08+00:00\" \/>\n<meta property=\"og:image\" content=\"https:\/\/dealbariza.com\/wp-content\/uploads\/2017\/12\/forlong-mon-amour.jpg\" \/>\n\t<meta property=\"og:image:width\" content=\"600\" \/>\n\t<meta property=\"og:image:height\" content=\"600\" \/>\n\t<meta property=\"og:image:type\" content=\"image\/jpeg\" \/>\n<meta name=\"twitter:card\" content=\"summary_large_image\" \/>\n<script type=\"application\/ld+json\" class=\"yoast-schema-graph\">{\"@context\":\"https:\\\/\\\/schema.org\",\"@graph\":[{\"@type\":\"WebPage\",\"@id\":\"https:\\\/\\\/dealbariza.com\\\/?product=forlong-mon-amour-ecologico-2017-75-cl\",\"url\":\"https:\\\/\\\/dealbariza.com\\\/?product=forlong-mon-amour-ecologico-2017-75-cl\",\"name\":\"Forlong Mon Amour Ecol\u00f3gico 2017 - 75 cl - Dealbariza\",\"isPartOf\":{\"@id\":\"https:\\\/\\\/dealbariza.com\\\/#website\"},\"primaryImageOfPage\":{\"@id\":\"https:\\\/\\\/dealbariza.com\\\/?product=forlong-mon-amour-ecologico-2017-75-cl#primaryimage\"},\"image\":{\"@id\":\"https:\\\/\\\/dealbariza.com\\\/?product=forlong-mon-amour-ecologico-2017-75-cl#primaryimage\"},\"thumbnailUrl\":\"https:\\\/\\\/dealbariza.com\\\/wp-content\\\/uploads\\\/2017\\\/12\\\/forlong-mon-amour.jpg\",\"datePublished\":\"2017-12-08T16:43:08+00:00\",\"dateModified\":\"2025-01-28T17:51:08+00:00\",\"breadcrumb\":{\"@id\":\"https:\\\/\\\/dealbariza.com\\\/?product=forlong-mon-amour-ecologico-2017-75-cl#breadcrumb\"},\"inLanguage\":\"es\",\"potentialAction\":[{\"@type\":\"ReadAction\",\"target\":[\"https:\\\/\\\/dealbariza.com\\\/?product=forlong-mon-amour-ecologico-2017-75-cl\"]}]},{\"@type\":\"ImageObject\",\"inLanguage\":\"es\",\"@id\":\"https:\\\/\\\/dealbariza.com\\\/?product=forlong-mon-amour-ecologico-2017-75-cl#primaryimage\",\"url\":\"https:\\\/\\\/dealbariza.com\\\/wp-content\\\/uploads\\\/2017\\\/12\\\/forlong-mon-amour.jpg\",\"contentUrl\":\"https:\\\/\\\/dealbariza.com\\\/wp-content\\\/uploads\\\/2017\\\/12\\\/forlong-mon-amour.jpg\",\"width\":600,\"height\":600},{\"@type\":\"BreadcrumbList\",\"@id\":\"https:\\\/\\\/dealbariza.com\\\/?product=forlong-mon-amour-ecologico-2017-75-cl#breadcrumb\",\"itemListElement\":[{\"@type\":\"ListItem\",\"position\":1,\"name\":\"Portada\",\"item\":\"https:\\\/\\\/dealbariza.com\\\/\"},{\"@type\":\"ListItem\",\"position\":2,\"name\":\"Inicio\",\"item\":\"https:\\\/\\\/dealbariza.com\\\/\"},{\"@type\":\"ListItem\",\"position\":3,\"name\":\"Forlong Mon Amour Ecol\u00f3gico 2017 &#8211; 75 cl\"}]},{\"@type\":\"WebSite\",\"@id\":\"https:\\\/\\\/dealbariza.com\\\/#website\",\"url\":\"https:\\\/\\\/dealbariza.com\\\/\",\"name\":\"Dealbariza\",\"description\":\"Los mejores productos de Sanl\u00facar de Barrameda y alrededores\",\"potentialAction\":[{\"@type\":\"SearchAction\",\"target\":{\"@type\":\"EntryPoint\",\"urlTemplate\":\"https:\\\/\\\/dealbariza.com\\\/?s={search_term_string}\"},\"query-input\":{\"@type\":\"PropertyValueSpecification\",\"valueRequired\":true,\"valueName\":\"search_term_string\"}}],\"inLanguage\":\"es\"}]}<\/script>\n<!-- \/ Yoast SEO plugin. -->","yoast_head_json":{"title":"Forlong Mon Amour Ecol\u00f3gico 2017 - 75 cl - Dealbariza","robots":{"index":"index","follow":"follow","max-snippet":"max-snippet:-1","max-image-preview":"max-image-preview:large","max-video-preview":"max-video-preview:-1"},"canonical":"https:\/\/dealbariza.com\/?product=forlong-mon-amour-ecologico-2017-75-cl","og_locale":"es_ES","og_type":"article","og_title":"Forlong Mon Amour Ecol\u00f3gico 2017 - 75 cl - Dealbariza","og_description":"Forlong Mon Amour 2017, es un vino blanco ecol\u00f3gico elaborado 100% con uva Palomino del Pago de Forlong. Fermentado en Barricas de Roble Franc\u00e9s y envejecido sobre l\u00edas durante 10 meses.  Sus iniciales\u00a0notas de roble nuevo y manzana\u00a0se van abriendo sobre notas l\u00e1cteas, anisadas y de buen frescor. Complejo, muestra mucha personalidad.  13.50% Vol.","og_url":"https:\/\/dealbariza.com\/?product=forlong-mon-amour-ecologico-2017-75-cl","og_site_name":"Dealbariza","article_modified_time":"2025-01-28T17:51:08+00:00","og_image":[{"width":600,"height":600,"url":"https:\/\/dealbariza.com\/wp-content\/uploads\/2017\/12\/forlong-mon-amour.jpg","type":"image\/jpeg"}],"twitter_card":"summary_large_image","schema":{"@context":"https:\/\/schema.org","@graph":[{"@type":"WebPage","@id":"https:\/\/dealbariza.com\/?product=forlong-mon-amour-ecologico-2017-75-cl","url":"https:\/\/dealbariza.com\/?product=forlong-mon-amour-ecologico-2017-75-cl","name":"Forlong Mon Amour Ecol\u00f3gico 2017 - 75 cl - Dealbariza","isPartOf":{"@id":"https:\/\/dealbariza.com\/#website"},"primaryImageOfPage":{"@id":"https:\/\/dealbariza.com\/?product=forlong-mon-amour-ecologico-2017-75-cl#primaryimage"},"image":{"@id":"https:\/\/dealbariza.com\/?product=forlong-mon-amour-ecologico-2017-75-cl#primaryimage"},"thumbnailUrl":"https:\/\/dealbariza.com\/wp-content\/uploads\/2017\/12\/forlong-mon-amour.jpg","datePublished":"2017-12-08T16:43:08+00:00","dateModified":"2025-01-28T17:51:08+00:00","breadcrumb":{"@id":"https:\/\/dealbariza.com\/?product=forlong-mon-amour-ecologico-2017-75-cl#breadcrumb"},"inLanguage":"es","potentialAction":[{"@type":"ReadAction","target":["https:\/\/dealbariza.com\/?product=forlong-mon-amour-ecologico-2017-75-cl"]}]},{"@type":"ImageObject","inLanguage":"es","@id":"https:\/\/dealbariza.com\/?product=forlong-mon-amour-ecologico-2017-75-cl#primaryimage","url":"https:\/\/dealbariza.com\/wp-content\/uploads\/2017\/12\/forlong-mon-amour.jpg","contentUrl":"https:\/\/dealbariza.com\/wp-content\/uploads\/2017\/12\/forlong-mon-amour.jpg","width":600,"height":600},{"@type":"BreadcrumbList","@id":"https:\/\/dealbariza.com\/?product=forlong-mon-amour-ecologico-2017-75-cl#breadcrumb","itemListElement":[{"@type":"ListItem","position":1,"name":"Portada","item":"https:\/\/dealbariza.com\/"},{"@type":"ListItem","position":2,"name":"Inicio","item":"https:\/\/dealbariza.com\/"},{"@type":"ListItem","position":3,"name":"Forlong Mon Amour Ecol\u00f3gico 2017 &#8211; 75 cl"}]},{"@type":"WebSite","@id":"https:\/\/dealbariza.com\/#website","url":"https:\/\/dealbariza.com\/","name":"Dealbariza","description":"Los mejores productos de Sanl\u00facar de Barrameda y alrededores","potentialAction":[{"@type":"SearchAction","target":{"@type":"EntryPoint","urlTemplate":"https:\/\/dealbariza.com\/?s={search_term_string}"},"query-input":{"@type":"PropertyValueSpecification","valueRequired":true,"valueName":"search_term_string"}}],"inLanguage":"es"}]}},"_links":{"self":[{"href":"https:\/\/dealbariza.com\/index.php?rest_route=\/wp\/v2\/product\/475","targetHints":{"allow":["GET"]}}],"collection":[{"href":"https:\/\/dealbariza.com\/index.php?rest_route=\/wp\/v2\/product"}],"about":[{"href":"https:\/\/dealbariza.com\/index.php?rest_route=\/wp\/v2\/types\/product"}],"replies":[{"embeddable":true,"href":"https:\/\/dealbariza.com\/index.php?rest_route=%2Fwp%2Fv2%2Fcomments&post=475"}],"wp:featuredmedia":[{"embeddable":true,"href":"https:\/\/dealbariza.com\/index.php?rest_route=\/wp\/v2\/media\/476"}],"wp:attachment":[{"href":"https:\/\/dealbariza.com\/index.php?rest_route=%2Fwp%2Fv2%2Fmedia&parent=475"}],"wp:term":[{"taxonomy":"product_brand","embeddable":true,"href":"https:\/\/dealbariza.com\/index.php?rest_route=%2Fwp%2Fv2%2Fproduct_brand&post=475"},{"taxonomy":"product_cat","embeddable":true,"href":"https:\/\/dealbariza.com\/index.php?rest_route=%2Fwp%2Fv2%2Fproduct_cat&post=475"},{"taxonomy":"product_tag","embeddable":true,"href":"https:\/\/dealbariza.com\/index.php?rest_route=%2Fwp%2Fv2%2Fproduct_tag&post=475"}],"curies":[{"name":"wp","href":"https:\/\/api.w.org\/{rel}","templated":true}]}}