{"id":329,"date":"2017-03-02T17:55:32","date_gmt":"2017-03-02T17:55:32","guid":{"rendered":"http:\/\/dealbariza.com\/?post_type=product&#038;p=329"},"modified":"2025-04-03T09:32:35","modified_gmt":"2025-04-03T09:32:35","slug":"1522-spanish-gin-70-cl-edicion-limitada","status":"publish","type":"product","link":"https:\/\/dealbariza.com\/?product=1522-spanish-gin-70-cl-edicion-limitada","title":{"rendered":"1522 Spanish Gin 70 cl (Edici\u00f3n Limitada)"},"content":{"rendered":"<div id=\"id_58b85745c19357093503587\" class=\"text_exposed_root text_exposed\">\n<div class=\"text_exposed_show\">\n<p>1522 Spanish Gin 70 cl (Edici\u00f3n Limitada)<br \/>\nOld Tom Gin (nueva receta), de la destiler\u00eda sanluque\u00f1a Weisshorn.<\/p>\n<p>De la Nao Victoria: canela, clavo, nuez moscada, jengibre y pimienta<\/p>\n<p>De Sanl\u00facar de Barrameda: alcohol v\u00ednico envejecido en bota de manzanilla<\/p>\n<p>De Sevilla: Azahar y c\u00e1scara naranja amarga.<\/p>\n<p>\u201cGracias a la Providencia, el s\u00e1bado 6 de septiembre de 1522 entramos en la bah\u00eda de San L\u00facar [&#8230;] Desde que hab\u00edamos partido de la bah\u00eda de San L\u00facar hasta que regresamos a ella recorrimos, seg\u00fan nuestra cuenta, m\u00e1s de catorce mil cuatrocientas sesenta leguas, y dimos la vuelta al mundo entero [&#8230;] El lunes 8 de septiembre largamos el ancla cerca del muelle de Sevilla, y descargamos toda nuestra artiller\u00eda.\u201d \u201cPrimer viaje alrededor del mundo\u201d Antonio Pigafetta (1522)<\/p>\n<p>Como nos cuenta Pigafetta, en 2022 se cumplir\u00e1n 500 a\u00f1os de la primera vuelta al mundo \u201cla circunnavegaci\u00f3n completa del globo\u201d.<br \/>\nPara conmemorar el V Centenario de la haza\u00f1a llevada a cabo por la expedici\u00f3n de Magallanes y Elcano, hemos elaborado una ginebra donde evocamos los aromas de las especias que ven\u00edan cargadas en la bodega de la Nao Victoria.<\/p>\n<p>Edici\u00f3n limitada numerada a 2022.<\/p>\n<p>70cl 40% vol.<\/p>\n<p>Comprar 1522 Spanish Gin<\/p>\n<\/div>\n<div id=\"sgmbShare1-1\" class=\"sgmbShare jssocials-theme-classic sgmbWidget1-1\"><\/div><div class=\"dropdownWrapper dropdownWrapper1 dropdownWrapper-for-widget \" id=\"dropdownWrapper-for-widget\">\r\n\t\t\t\t\t\t<div class=\"dropdownLabel\" id=\"dropdownLabel-share-list\"><span class=\"sgmbButtonListLabel1\">Share List<\/span><\/div>\r\n\t\t\t\t\t\t<div class=\"dropdownPanel dropdownPanel1-1\">\r\n\t\t\t\t\t\t<\/div>\r\n\t\t\t\t\t<\/div><script>  SGMB_URL = \"https:\/\/dealbariza.com\/wp-content\/plugins\/social-media-builder\/\"; jQuery(\".dropdownWrapper\").hide(); SGMB_GOOGLE_ACOUNT = \"\"; <\/script><script type=\"text\/javascript\">\r\n\t\tjQuery(document).ready(function($){var widget = new SGMBWidget();widget.show({\"id\":\"1\",\"title\":\"Redes sociales\",\"options\":{\"currentUrl\":\"1\",\"url\":\"\",\"shareText\":\"\",\"fontSize\":\"14\",\"betweenButtons\":\"1px\",\"theme\":\"classic\",\"buttonsPosition\":\"\",\"socialTheme\":\"\",\"icon\":\"default\",\"buttonsPanelEffect\":\"No Effect\",\"buttonsEffect\":\"No Effect\",\"iconsEffect\":\"No Effect\",\"buttons\":\"{\\\"facebook\\\":{\\\"label\\\":\\\"Share\\\",\\\"icon\\\":\\\"default-facebook\\\"},\\\"twitter\\\":{\\\"label\\\":\\\"Tweet\\\",\\\"icon\\\":\\\"default-twitter\\\",\\\"via\\\":\\\"\\\",\\\"hashtags\\\":\\\"\\\"},\\\"googleplus\\\":{\\\"label\\\":\\\"+1\\\",\\\"icon\\\":\\\"default-googleplus\\\"},\\\"linkedin\\\":{\\\"label\\\":\\\"Share\\\",\\\"icon\\\":\\\"default-linkedin\\\"}}\",\"roundButton\":\"\",\"showLabels\":\"on\",\"showCounts\":\"\",\"showCenter\":\"\",\"showButtonsAsList\":\"\",\"setButtonsPosition\":\"\",\"sgmbDropdownColor\":\"\",\"sgmbDropdownLabelFontSize\":\"14\",\"sgmbDropdownLabelColor\":\"\",\"showButtonsOnEveryPost\":\"\",\"showOnAllPost\":\"\",\"sgmbPostionOnEveryPost\":\"Left\",\"textOnEveryPost\":\"\",\"showButtonsOnMobileDirect\":\"on\"},\"buttonOptions\":{\"facebook\":{\"label\":\"Share\",\"icon\":\"default-facebook\"},\"twitter\":{\"label\":\"Tweet\",\"icon\":\"default-twitter\",\"via\":\"\",\"hashtags\":\"\"},\"googleplus\":{\"label\":\"+1\",\"icon\":\"default-googleplus\"},\"linkedin\":{\"label\":\"Share\",\"icon\":\"default-linkedin\"}},\"button\":[\"facebook\",\"twitter\",\"googleplus\",\"linkedin\"]}, 1, '', 'https:\/\/dealbariza.com\/wp-content\/uploads\/2017\/03\/1522-spanish-gin.jpg.png', '', 'https:\/\/dealbariza.com\/?product=1522-spanish-gin-70-cl-edicion-limitada'); });<\/script>\n<\/div>\n","protected":false},"excerpt":{"rendered":"<p>Exclusiva Gin Premium envejecida en bota de Manzanilla que evoca los\u00a0aromas de las especias que ven\u00edan cargadas en la bodega de la Nao Victoria, y elaborada para conmemorar el V Centenario de la haza\u00f1a llevada a cabo por la expedici\u00f3n de Magallanes y Elcano.<\/p>\n<div class=\"text_exposed_root text_exposed\"><\/div>\n<div class=\"text_exposed_root text_exposed\">[sgmb id=\"1\"]<\/div>\n","protected":false},"featured_media":722,"comment_status":"open","ping_status":"closed","template":"","meta":{"nf_dc_page":"","_monsterinsights_skip_tracking":false,"_monsterinsights_sitenote_active":false,"_monsterinsights_sitenote_note":"","_monsterinsights_sitenote_category":0},"product_brand":[],"product_cat":[295,297],"product_tag":[331,49,74,180],"class_list":{"0":"post-329","1":"product","2":"type-product","3":"status-publish","4":"has-post-thumbnail","6":"product_cat-bebidas-espirituosas","7":"product_cat-gin","8":"product_tag-destileria-weisshorn","9":"product_tag-ginebra","10":"product_tag-sanlucar-de-barrameda","11":"product_tag-weisshorn","13":"first","14":"outofstock","15":"taxable","16":"shipping-taxable","17":"purchasable","18":"product-type-simple"},"yoast_head":"<!-- This site is optimized with the Yoast SEO plugin v27.6 - https:\/\/yoast.com\/product\/yoast-seo-wordpress\/ -->\n<title>1522 Spanish Gin 70 cl (Edici\u00f3n Limitada) - Dealbariza<\/title>\n<meta name=\"robots\" content=\"index, follow, max-snippet:-1, max-image-preview:large, max-video-preview:-1\" \/>\n<link rel=\"canonical\" href=\"https:\/\/dealbariza.com\/?product=1522-spanish-gin-70-cl-edicion-limitada\" \/>\n<meta property=\"og:locale\" content=\"es_ES\" \/>\n<meta property=\"og:type\" content=\"article\" \/>\n<meta property=\"og:title\" content=\"1522 Spanish Gin 70 cl (Edici\u00f3n Limitada) - Dealbariza\" \/>\n<meta property=\"og:description\" content=\"Exclusiva Gin Premium envejecida en bota de Manzanilla que evoca los\u00a0aromas de las especias que ven\u00edan cargadas en la bodega de la Nao Victoria, y elaborada para conmemorar el V Centenario de la haza\u00f1a llevada a cabo por la expedici\u00f3n de Magallanes y Elcano.\" \/>\n<meta property=\"og:url\" content=\"https:\/\/dealbariza.com\/?product=1522-spanish-gin-70-cl-edicion-limitada\" \/>\n<meta property=\"og:site_name\" content=\"Dealbariza\" \/>\n<meta property=\"article:modified_time\" content=\"2025-04-03T09:32:35+00:00\" \/>\n<meta property=\"og:image\" content=\"https:\/\/dealbariza.com\/wp-content\/uploads\/2017\/03\/1522-spanish-gin.jpg.png\" \/>\n\t<meta property=\"og:image:width\" content=\"800\" \/>\n\t<meta property=\"og:image:height\" content=\"800\" \/>\n\t<meta property=\"og:image:type\" content=\"image\/png\" \/>\n<meta name=\"twitter:card\" content=\"summary_large_image\" \/>\n<meta name=\"twitter:label1\" content=\"Tiempo de lectura\" \/>\n\t<meta name=\"twitter:data1\" content=\"1 minuto\" \/>\n<script type=\"application\/ld+json\" class=\"yoast-schema-graph\">{\"@context\":\"https:\\\/\\\/schema.org\",\"@graph\":[{\"@type\":\"WebPage\",\"@id\":\"https:\\\/\\\/dealbariza.com\\\/?product=1522-spanish-gin-70-cl-edicion-limitada\",\"url\":\"https:\\\/\\\/dealbariza.com\\\/?product=1522-spanish-gin-70-cl-edicion-limitada\",\"name\":\"1522 Spanish Gin 70 cl (Edici\u00f3n Limitada) - Dealbariza\",\"isPartOf\":{\"@id\":\"https:\\\/\\\/dealbariza.com\\\/#website\"},\"primaryImageOfPage\":{\"@id\":\"https:\\\/\\\/dealbariza.com\\\/?product=1522-spanish-gin-70-cl-edicion-limitada#primaryimage\"},\"image\":{\"@id\":\"https:\\\/\\\/dealbariza.com\\\/?product=1522-spanish-gin-70-cl-edicion-limitada#primaryimage\"},\"thumbnailUrl\":\"https:\\\/\\\/dealbariza.com\\\/wp-content\\\/uploads\\\/2017\\\/03\\\/1522-spanish-gin.jpg.png\",\"datePublished\":\"2017-03-02T17:55:32+00:00\",\"dateModified\":\"2025-04-03T09:32:35+00:00\",\"breadcrumb\":{\"@id\":\"https:\\\/\\\/dealbariza.com\\\/?product=1522-spanish-gin-70-cl-edicion-limitada#breadcrumb\"},\"inLanguage\":\"es\",\"potentialAction\":[{\"@type\":\"ReadAction\",\"target\":[\"https:\\\/\\\/dealbariza.com\\\/?product=1522-spanish-gin-70-cl-edicion-limitada\"]}]},{\"@type\":\"ImageObject\",\"inLanguage\":\"es\",\"@id\":\"https:\\\/\\\/dealbariza.com\\\/?product=1522-spanish-gin-70-cl-edicion-limitada#primaryimage\",\"url\":\"https:\\\/\\\/dealbariza.com\\\/wp-content\\\/uploads\\\/2017\\\/03\\\/1522-spanish-gin.jpg.png\",\"contentUrl\":\"https:\\\/\\\/dealbariza.com\\\/wp-content\\\/uploads\\\/2017\\\/03\\\/1522-spanish-gin.jpg.png\",\"width\":800,\"height\":800},{\"@type\":\"BreadcrumbList\",\"@id\":\"https:\\\/\\\/dealbariza.com\\\/?product=1522-spanish-gin-70-cl-edicion-limitada#breadcrumb\",\"itemListElement\":[{\"@type\":\"ListItem\",\"position\":1,\"name\":\"Portada\",\"item\":\"https:\\\/\\\/dealbariza.com\\\/\"},{\"@type\":\"ListItem\",\"position\":2,\"name\":\"Inicio\",\"item\":\"https:\\\/\\\/dealbariza.com\\\/\"},{\"@type\":\"ListItem\",\"position\":3,\"name\":\"1522 Spanish Gin 70 cl (Edici\u00f3n Limitada)\"}]},{\"@type\":\"WebSite\",\"@id\":\"https:\\\/\\\/dealbariza.com\\\/#website\",\"url\":\"https:\\\/\\\/dealbariza.com\\\/\",\"name\":\"Dealbariza\",\"description\":\"Los mejores productos de Sanl\u00facar de Barrameda y alrededores\",\"potentialAction\":[{\"@type\":\"SearchAction\",\"target\":{\"@type\":\"EntryPoint\",\"urlTemplate\":\"https:\\\/\\\/dealbariza.com\\\/?s={search_term_string}\"},\"query-input\":{\"@type\":\"PropertyValueSpecification\",\"valueRequired\":true,\"valueName\":\"search_term_string\"}}],\"inLanguage\":\"es\"}]}<\/script>\n<!-- \/ Yoast SEO plugin. -->","yoast_head_json":{"title":"1522 Spanish Gin 70 cl (Edici\u00f3n Limitada) - Dealbariza","robots":{"index":"index","follow":"follow","max-snippet":"max-snippet:-1","max-image-preview":"max-image-preview:large","max-video-preview":"max-video-preview:-1"},"canonical":"https:\/\/dealbariza.com\/?product=1522-spanish-gin-70-cl-edicion-limitada","og_locale":"es_ES","og_type":"article","og_title":"1522 Spanish Gin 70 cl (Edici\u00f3n Limitada) - Dealbariza","og_description":"Exclusiva Gin Premium envejecida en bota de Manzanilla que evoca los\u00a0aromas de las especias que ven\u00edan cargadas en la bodega de la Nao Victoria, y elaborada para conmemorar el V Centenario de la haza\u00f1a llevada a cabo por la expedici\u00f3n de Magallanes y Elcano.","og_url":"https:\/\/dealbariza.com\/?product=1522-spanish-gin-70-cl-edicion-limitada","og_site_name":"Dealbariza","article_modified_time":"2025-04-03T09:32:35+00:00","og_image":[{"width":800,"height":800,"url":"https:\/\/dealbariza.com\/wp-content\/uploads\/2017\/03\/1522-spanish-gin.jpg.png","type":"image\/png"}],"twitter_card":"summary_large_image","twitter_misc":{"Tiempo de lectura":"1 minuto"},"schema":{"@context":"https:\/\/schema.org","@graph":[{"@type":"WebPage","@id":"https:\/\/dealbariza.com\/?product=1522-spanish-gin-70-cl-edicion-limitada","url":"https:\/\/dealbariza.com\/?product=1522-spanish-gin-70-cl-edicion-limitada","name":"1522 Spanish Gin 70 cl (Edici\u00f3n Limitada) - Dealbariza","isPartOf":{"@id":"https:\/\/dealbariza.com\/#website"},"primaryImageOfPage":{"@id":"https:\/\/dealbariza.com\/?product=1522-spanish-gin-70-cl-edicion-limitada#primaryimage"},"image":{"@id":"https:\/\/dealbariza.com\/?product=1522-spanish-gin-70-cl-edicion-limitada#primaryimage"},"thumbnailUrl":"https:\/\/dealbariza.com\/wp-content\/uploads\/2017\/03\/1522-spanish-gin.jpg.png","datePublished":"2017-03-02T17:55:32+00:00","dateModified":"2025-04-03T09:32:35+00:00","breadcrumb":{"@id":"https:\/\/dealbariza.com\/?product=1522-spanish-gin-70-cl-edicion-limitada#breadcrumb"},"inLanguage":"es","potentialAction":[{"@type":"ReadAction","target":["https:\/\/dealbariza.com\/?product=1522-spanish-gin-70-cl-edicion-limitada"]}]},{"@type":"ImageObject","inLanguage":"es","@id":"https:\/\/dealbariza.com\/?product=1522-spanish-gin-70-cl-edicion-limitada#primaryimage","url":"https:\/\/dealbariza.com\/wp-content\/uploads\/2017\/03\/1522-spanish-gin.jpg.png","contentUrl":"https:\/\/dealbariza.com\/wp-content\/uploads\/2017\/03\/1522-spanish-gin.jpg.png","width":800,"height":800},{"@type":"BreadcrumbList","@id":"https:\/\/dealbariza.com\/?product=1522-spanish-gin-70-cl-edicion-limitada#breadcrumb","itemListElement":[{"@type":"ListItem","position":1,"name":"Portada","item":"https:\/\/dealbariza.com\/"},{"@type":"ListItem","position":2,"name":"Inicio","item":"https:\/\/dealbariza.com\/"},{"@type":"ListItem","position":3,"name":"1522 Spanish Gin 70 cl (Edici\u00f3n Limitada)"}]},{"@type":"WebSite","@id":"https:\/\/dealbariza.com\/#website","url":"https:\/\/dealbariza.com\/","name":"Dealbariza","description":"Los mejores productos de Sanl\u00facar de Barrameda y alrededores","potentialAction":[{"@type":"SearchAction","target":{"@type":"EntryPoint","urlTemplate":"https:\/\/dealbariza.com\/?s={search_term_string}"},"query-input":{"@type":"PropertyValueSpecification","valueRequired":true,"valueName":"search_term_string"}}],"inLanguage":"es"}]}},"_links":{"self":[{"href":"https:\/\/dealbariza.com\/index.php?rest_route=\/wp\/v2\/product\/329","targetHints":{"allow":["GET"]}}],"collection":[{"href":"https:\/\/dealbariza.com\/index.php?rest_route=\/wp\/v2\/product"}],"about":[{"href":"https:\/\/dealbariza.com\/index.php?rest_route=\/wp\/v2\/types\/product"}],"replies":[{"embeddable":true,"href":"https:\/\/dealbariza.com\/index.php?rest_route=%2Fwp%2Fv2%2Fcomments&post=329"}],"wp:featuredmedia":[{"embeddable":true,"href":"https:\/\/dealbariza.com\/index.php?rest_route=\/wp\/v2\/media\/722"}],"wp:attachment":[{"href":"https:\/\/dealbariza.com\/index.php?rest_route=%2Fwp%2Fv2%2Fmedia&parent=329"}],"wp:term":[{"taxonomy":"product_brand","embeddable":true,"href":"https:\/\/dealbariza.com\/index.php?rest_route=%2Fwp%2Fv2%2Fproduct_brand&post=329"},{"taxonomy":"product_cat","embeddable":true,"href":"https:\/\/dealbariza.com\/index.php?rest_route=%2Fwp%2Fv2%2Fproduct_cat&post=329"},{"taxonomy":"product_tag","embeddable":true,"href":"https:\/\/dealbariza.com\/index.php?rest_route=%2Fwp%2Fv2%2Fproduct_tag&post=329"}],"curies":[{"name":"wp","href":"https:\/\/api.w.org\/{rel}","templated":true}]}}