{"id":1792,"date":"2024-09-24T10:19:47","date_gmt":"2024-09-24T10:19:47","guid":{"rendered":"https:\/\/dealbariza.com\/?post_type=product&#038;p=1792"},"modified":"2024-09-24T10:25:42","modified_gmt":"2024-09-24T10:25:42","slug":"vara-y-pulgar-75cl","status":"publish","type":"product","link":"https:\/\/dealbariza.com\/?product=vara-y-pulgar-75cl","title":{"rendered":"Vara y Pulgar Blanco 75cl."},"content":{"rendered":"<p>&nbsp;<\/p>\n<p>Vara y Pulgar Blanco 75cl.<\/p>\n<p>A partir de las variedades aut\u00f3ctonas de Jerez palomino fino, vijiriego blanco y malvas\u00eda se elabora este\u00a0<strong>vino blanco<\/strong>\u00a0distinguido por su corte atl\u00e1ntico y por la singularidad aportada por los suelos de albariza fina donde crecen las vi\u00f1as que lo originan<\/p>\n<div id=\"sgmbShare1-1\" class=\"sgmbShare jssocials-theme-classic sgmbWidget1-1\"><\/div><div class=\"dropdownWrapper dropdownWrapper1 dropdownWrapper-for-widget \" id=\"dropdownWrapper-for-widget\">\r\n\t\t\t\t\t\t<div class=\"dropdownLabel\" id=\"dropdownLabel-share-list\"><span class=\"sgmbButtonListLabel1\">Share List<\/span><\/div>\r\n\t\t\t\t\t\t<div class=\"dropdownPanel dropdownPanel1-1\">\r\n\t\t\t\t\t\t<\/div>\r\n\t\t\t\t\t<\/div><script>  SGMB_URL = \"https:\/\/dealbariza.com\/wp-content\/plugins\/social-media-builder\/\"; jQuery(\".dropdownWrapper\").hide(); SGMB_GOOGLE_ACOUNT = \"\"; <\/script><script type=\"text\/javascript\">\r\n\t\tjQuery(document).ready(function($){var widget = new SGMBWidget();widget.show({\"id\":\"1\",\"title\":\"Redes sociales\",\"options\":{\"currentUrl\":\"1\",\"url\":\"\",\"shareText\":\"\",\"fontSize\":\"14\",\"betweenButtons\":\"1px\",\"theme\":\"classic\",\"buttonsPosition\":\"\",\"socialTheme\":\"\",\"icon\":\"default\",\"buttonsPanelEffect\":\"No Effect\",\"buttonsEffect\":\"No Effect\",\"iconsEffect\":\"No Effect\",\"buttons\":\"{\\\"facebook\\\":{\\\"label\\\":\\\"Share\\\",\\\"icon\\\":\\\"default-facebook\\\"},\\\"twitter\\\":{\\\"label\\\":\\\"Tweet\\\",\\\"icon\\\":\\\"default-twitter\\\",\\\"via\\\":\\\"\\\",\\\"hashtags\\\":\\\"\\\"},\\\"googleplus\\\":{\\\"label\\\":\\\"+1\\\",\\\"icon\\\":\\\"default-googleplus\\\"},\\\"linkedin\\\":{\\\"label\\\":\\\"Share\\\",\\\"icon\\\":\\\"default-linkedin\\\"}}\",\"roundButton\":\"\",\"showLabels\":\"on\",\"showCounts\":\"\",\"showCenter\":\"\",\"showButtonsAsList\":\"\",\"setButtonsPosition\":\"\",\"sgmbDropdownColor\":\"\",\"sgmbDropdownLabelFontSize\":\"14\",\"sgmbDropdownLabelColor\":\"\",\"showButtonsOnEveryPost\":\"\",\"showOnAllPost\":\"\",\"sgmbPostionOnEveryPost\":\"Left\",\"textOnEveryPost\":\"\",\"showButtonsOnMobileDirect\":\"on\"},\"buttonOptions\":{\"facebook\":{\"label\":\"Share\",\"icon\":\"default-facebook\"},\"twitter\":{\"label\":\"Tweet\",\"icon\":\"default-twitter\",\"via\":\"\",\"hashtags\":\"\"},\"googleplus\":{\"label\":\"+1\",\"icon\":\"default-googleplus\"},\"linkedin\":{\"label\":\"Share\",\"icon\":\"default-linkedin\"}},\"button\":[\"facebook\",\"twitter\",\"googleplus\",\"linkedin\"]}, 1, '', 'https:\/\/dealbariza.com\/wp-content\/uploads\/2024\/09\/vara-y-pulgar-blanco-1.jpeg', '', 'https:\/\/dealbariza.com\/?product=vara-y-pulgar-75cl'); });<\/script>\n<p>Aqu\u00ed puede comprar Vara y Pulgar Blanco 75cl.<\/p>\n","protected":false},"excerpt":{"rendered":"<p>&nbsp;<\/p>\n<p>&nbsp;<\/p>\n<p>Vara y Pulgar Blanco 75cl.<\/p>\n<p>A partir de las variedades aut\u00f3ctonas de Jerez palomino fino, vijiriego blanco y malvas\u00eda se elabora este\u00a0<strong>vino blanco<\/strong>\u00a0distinguido por su corte atl\u00e1ntico y por la singularidad aportada por los suelos de albariza fina donde crecen las vi\u00f1as que lo originan<\/p>\n[sgmb id=\"1\"]\n<p>Aqu\u00ed puede comprar Vara y Pulgar Blanco 75cl.<\/p>\n<p>&nbsp;<\/p>\n","protected":false},"featured_media":1794,"comment_status":"closed","ping_status":"closed","template":"","meta":{"nf_dc_page":"","_monsterinsights_skip_tracking":false,"_monsterinsights_sitenote_active":false,"_monsterinsights_sitenote_note":"","_monsterinsights_sitenote_category":0},"product_brand":[],"product_cat":[13,6],"product_tag":[],"class_list":{"0":"post-1792","1":"product","2":"type-product","3":"status-publish","4":"has-post-thumbnail","6":"product_cat-blancos","7":"product_cat-vinos","9":"first","10":"instock","11":"taxable","12":"shipping-taxable","13":"purchasable","14":"product-type-simple"},"yoast_head":"<!-- This site is optimized with the Yoast SEO plugin v27.6 - https:\/\/yoast.com\/product\/yoast-seo-wordpress\/ -->\n<title>Vara y Pulgar Blanco 75cl. - Dealbariza<\/title>\n<meta name=\"robots\" content=\"index, follow, max-snippet:-1, max-image-preview:large, max-video-preview:-1\" \/>\n<link rel=\"canonical\" href=\"https:\/\/dealbariza.com\/?product=vara-y-pulgar-75cl\" \/>\n<meta property=\"og:locale\" content=\"es_ES\" \/>\n<meta property=\"og:type\" content=\"article\" \/>\n<meta property=\"og:title\" content=\"Vara y Pulgar Blanco 75cl. - Dealbariza\" \/>\n<meta property=\"og:description\" content=\"&nbsp;  &nbsp;  Vara y Pulgar Blanco 75cl.  A partir de las variedades aut\u00f3ctonas de Jerez palomino fino, vijiriego blanco y malvas\u00eda se elabora este\u00a0vino blanco\u00a0distinguido por su corte atl\u00e1ntico y por la singularidad aportada por los suelos de albariza fina donde crecen las vi\u00f1as que lo originan    Aqu\u00ed puede comprar Vara y Pulgar Blanco 75cl.  &nbsp;\" \/>\n<meta property=\"og:url\" content=\"https:\/\/dealbariza.com\/?product=vara-y-pulgar-75cl\" \/>\n<meta property=\"og:site_name\" content=\"Dealbariza\" \/>\n<meta property=\"article:modified_time\" content=\"2024-09-24T10:25:42+00:00\" \/>\n<meta property=\"og:image\" content=\"https:\/\/dealbariza.com\/wp-content\/uploads\/2024\/09\/vara-y-pulgar-blanco-1.jpeg\" \/>\n\t<meta property=\"og:image:width\" content=\"180\" \/>\n\t<meta property=\"og:image:height\" content=\"180\" \/>\n\t<meta property=\"og:image:type\" content=\"image\/jpeg\" \/>\n<meta name=\"twitter:card\" content=\"summary_large_image\" \/>\n<meta name=\"twitter:label1\" content=\"Tiempo de lectura\" \/>\n\t<meta name=\"twitter:data1\" content=\"1 minuto\" \/>\n<script type=\"application\/ld+json\" class=\"yoast-schema-graph\">{\"@context\":\"https:\\\/\\\/schema.org\",\"@graph\":[{\"@type\":\"WebPage\",\"@id\":\"https:\\\/\\\/dealbariza.com\\\/?product=vara-y-pulgar-75cl\",\"url\":\"https:\\\/\\\/dealbariza.com\\\/?product=vara-y-pulgar-75cl\",\"name\":\"Vara y Pulgar Blanco 75cl. - Dealbariza\",\"isPartOf\":{\"@id\":\"https:\\\/\\\/dealbariza.com\\\/#website\"},\"primaryImageOfPage\":{\"@id\":\"https:\\\/\\\/dealbariza.com\\\/?product=vara-y-pulgar-75cl#primaryimage\"},\"image\":{\"@id\":\"https:\\\/\\\/dealbariza.com\\\/?product=vara-y-pulgar-75cl#primaryimage\"},\"thumbnailUrl\":\"https:\\\/\\\/dealbariza.com\\\/wp-content\\\/uploads\\\/2024\\\/09\\\/vara-y-pulgar-blanco-1.jpeg\",\"datePublished\":\"2024-09-24T10:19:47+00:00\",\"dateModified\":\"2024-09-24T10:25:42+00:00\",\"breadcrumb\":{\"@id\":\"https:\\\/\\\/dealbariza.com\\\/?product=vara-y-pulgar-75cl#breadcrumb\"},\"inLanguage\":\"es\",\"potentialAction\":[{\"@type\":\"ReadAction\",\"target\":[\"https:\\\/\\\/dealbariza.com\\\/?product=vara-y-pulgar-75cl\"]}]},{\"@type\":\"ImageObject\",\"inLanguage\":\"es\",\"@id\":\"https:\\\/\\\/dealbariza.com\\\/?product=vara-y-pulgar-75cl#primaryimage\",\"url\":\"https:\\\/\\\/dealbariza.com\\\/wp-content\\\/uploads\\\/2024\\\/09\\\/vara-y-pulgar-blanco-1.jpeg\",\"contentUrl\":\"https:\\\/\\\/dealbariza.com\\\/wp-content\\\/uploads\\\/2024\\\/09\\\/vara-y-pulgar-blanco-1.jpeg\",\"width\":180,\"height\":180},{\"@type\":\"BreadcrumbList\",\"@id\":\"https:\\\/\\\/dealbariza.com\\\/?product=vara-y-pulgar-75cl#breadcrumb\",\"itemListElement\":[{\"@type\":\"ListItem\",\"position\":1,\"name\":\"Portada\",\"item\":\"https:\\\/\\\/dealbariza.com\\\/\"},{\"@type\":\"ListItem\",\"position\":2,\"name\":\"Inicio\",\"item\":\"https:\\\/\\\/dealbariza.com\\\/\"},{\"@type\":\"ListItem\",\"position\":3,\"name\":\"Vara y Pulgar Blanco 75cl.\"}]},{\"@type\":\"WebSite\",\"@id\":\"https:\\\/\\\/dealbariza.com\\\/#website\",\"url\":\"https:\\\/\\\/dealbariza.com\\\/\",\"name\":\"Dealbariza\",\"description\":\"Los mejores productos de Sanl\u00facar de Barrameda y alrededores\",\"potentialAction\":[{\"@type\":\"SearchAction\",\"target\":{\"@type\":\"EntryPoint\",\"urlTemplate\":\"https:\\\/\\\/dealbariza.com\\\/?s={search_term_string}\"},\"query-input\":{\"@type\":\"PropertyValueSpecification\",\"valueRequired\":true,\"valueName\":\"search_term_string\"}}],\"inLanguage\":\"es\"}]}<\/script>\n<!-- \/ Yoast SEO plugin. -->","yoast_head_json":{"title":"Vara y Pulgar Blanco 75cl. - Dealbariza","robots":{"index":"index","follow":"follow","max-snippet":"max-snippet:-1","max-image-preview":"max-image-preview:large","max-video-preview":"max-video-preview:-1"},"canonical":"https:\/\/dealbariza.com\/?product=vara-y-pulgar-75cl","og_locale":"es_ES","og_type":"article","og_title":"Vara y Pulgar Blanco 75cl. - Dealbariza","og_description":"&nbsp;  &nbsp;  Vara y Pulgar Blanco 75cl.  A partir de las variedades aut\u00f3ctonas de Jerez palomino fino, vijiriego blanco y malvas\u00eda se elabora este\u00a0vino blanco\u00a0distinguido por su corte atl\u00e1ntico y por la singularidad aportada por los suelos de albariza fina donde crecen las vi\u00f1as que lo originan    Aqu\u00ed puede comprar Vara y Pulgar Blanco 75cl.  &nbsp;","og_url":"https:\/\/dealbariza.com\/?product=vara-y-pulgar-75cl","og_site_name":"Dealbariza","article_modified_time":"2024-09-24T10:25:42+00:00","og_image":[{"width":180,"height":180,"url":"https:\/\/dealbariza.com\/wp-content\/uploads\/2024\/09\/vara-y-pulgar-blanco-1.jpeg","type":"image\/jpeg"}],"twitter_card":"summary_large_image","twitter_misc":{"Tiempo de lectura":"1 minuto"},"schema":{"@context":"https:\/\/schema.org","@graph":[{"@type":"WebPage","@id":"https:\/\/dealbariza.com\/?product=vara-y-pulgar-75cl","url":"https:\/\/dealbariza.com\/?product=vara-y-pulgar-75cl","name":"Vara y Pulgar Blanco 75cl. - Dealbariza","isPartOf":{"@id":"https:\/\/dealbariza.com\/#website"},"primaryImageOfPage":{"@id":"https:\/\/dealbariza.com\/?product=vara-y-pulgar-75cl#primaryimage"},"image":{"@id":"https:\/\/dealbariza.com\/?product=vara-y-pulgar-75cl#primaryimage"},"thumbnailUrl":"https:\/\/dealbariza.com\/wp-content\/uploads\/2024\/09\/vara-y-pulgar-blanco-1.jpeg","datePublished":"2024-09-24T10:19:47+00:00","dateModified":"2024-09-24T10:25:42+00:00","breadcrumb":{"@id":"https:\/\/dealbariza.com\/?product=vara-y-pulgar-75cl#breadcrumb"},"inLanguage":"es","potentialAction":[{"@type":"ReadAction","target":["https:\/\/dealbariza.com\/?product=vara-y-pulgar-75cl"]}]},{"@type":"ImageObject","inLanguage":"es","@id":"https:\/\/dealbariza.com\/?product=vara-y-pulgar-75cl#primaryimage","url":"https:\/\/dealbariza.com\/wp-content\/uploads\/2024\/09\/vara-y-pulgar-blanco-1.jpeg","contentUrl":"https:\/\/dealbariza.com\/wp-content\/uploads\/2024\/09\/vara-y-pulgar-blanco-1.jpeg","width":180,"height":180},{"@type":"BreadcrumbList","@id":"https:\/\/dealbariza.com\/?product=vara-y-pulgar-75cl#breadcrumb","itemListElement":[{"@type":"ListItem","position":1,"name":"Portada","item":"https:\/\/dealbariza.com\/"},{"@type":"ListItem","position":2,"name":"Inicio","item":"https:\/\/dealbariza.com\/"},{"@type":"ListItem","position":3,"name":"Vara y Pulgar Blanco 75cl."}]},{"@type":"WebSite","@id":"https:\/\/dealbariza.com\/#website","url":"https:\/\/dealbariza.com\/","name":"Dealbariza","description":"Los mejores productos de Sanl\u00facar de Barrameda y alrededores","potentialAction":[{"@type":"SearchAction","target":{"@type":"EntryPoint","urlTemplate":"https:\/\/dealbariza.com\/?s={search_term_string}"},"query-input":{"@type":"PropertyValueSpecification","valueRequired":true,"valueName":"search_term_string"}}],"inLanguage":"es"}]}},"_links":{"self":[{"href":"https:\/\/dealbariza.com\/index.php?rest_route=\/wp\/v2\/product\/1792","targetHints":{"allow":["GET"]}}],"collection":[{"href":"https:\/\/dealbariza.com\/index.php?rest_route=\/wp\/v2\/product"}],"about":[{"href":"https:\/\/dealbariza.com\/index.php?rest_route=\/wp\/v2\/types\/product"}],"replies":[{"embeddable":true,"href":"https:\/\/dealbariza.com\/index.php?rest_route=%2Fwp%2Fv2%2Fcomments&post=1792"}],"wp:featuredmedia":[{"embeddable":true,"href":"https:\/\/dealbariza.com\/index.php?rest_route=\/wp\/v2\/media\/1794"}],"wp:attachment":[{"href":"https:\/\/dealbariza.com\/index.php?rest_route=%2Fwp%2Fv2%2Fmedia&parent=1792"}],"wp:term":[{"taxonomy":"product_brand","embeddable":true,"href":"https:\/\/dealbariza.com\/index.php?rest_route=%2Fwp%2Fv2%2Fproduct_brand&post=1792"},{"taxonomy":"product_cat","embeddable":true,"href":"https:\/\/dealbariza.com\/index.php?rest_route=%2Fwp%2Fv2%2Fproduct_cat&post=1792"},{"taxonomy":"product_tag","embeddable":true,"href":"https:\/\/dealbariza.com\/index.php?rest_route=%2Fwp%2Fv2%2Fproduct_tag&post=1792"}],"curies":[{"name":"wp","href":"https:\/\/api.w.org\/{rel}","templated":true}]}}