{"id":1532,"date":"2023-03-14T09:30:05","date_gmt":"2023-03-14T09:30:05","guid":{"rendered":"https:\/\/dealbariza.com\/?post_type=product&#038;p=1532"},"modified":"2024-04-08T17:23:56","modified_gmt":"2024-04-08T17:23:56","slug":"ron-dos-maderas-55-70cl","status":"publish","type":"product","link":"https:\/\/dealbariza.com\/?product=ron-dos-maderas-55-70cl","title":{"rendered":"Ron Dos Maderas 5+5 70cl"},"content":{"rendered":"<p>Ron Dos Maderas 5+5 70cl<\/p>\n<p>Definici\u00f3n : Premium Caribbean Spirit.<\/p>\n<p>Elaboraci\u00f3n Sistema de A\u00f1adas : Tras reposar durante cinco a\u00f1os en tierras caribe\u00f1as y otros tres en Bodegas Williams &amp; Humbert en la madera del Dos Cortados (Palo Cortado), \u201cDos Maderas 5+3\u201d ya terminado pasa a una tercera fase de envejecimiento en barricas que previamente han envejecido durante 20 a\u00f1os el jerez Don Guido (Pedro Xim\u00e9nez) dando origen al extraordinario Dos Maderas P.X. Tanto el Don Guido como el Dos Cortados cuentan con un envejecimiento de 20 a\u00f1os acreditado por la Denominaci\u00f3n de Origen m\u00e1s antigua de Espa\u00f1a: Jerez-X\u00e9r\u00e8s-Sherry.<\/p>\n<p>Nota de cata: Su \u00faltima fase de a\u00f1ejamiento en barricas de Pedro Xim\u00e9nez le dota de un color \u00e1mbar muy oscuro y delicadas notas a pasas, higos y vainilla.<\/p>\n<p>Graduaci\u00f3n : 40% Alc. \/ Vol.<\/p>\n<div id=\"sgmbShare1-1\" class=\"sgmbShare jssocials-theme-classic sgmbWidget1-1\"><\/div><div class=\"dropdownWrapper dropdownWrapper1 dropdownWrapper-for-widget \" id=\"dropdownWrapper-for-widget\">\r\n\t\t\t\t\t\t<div class=\"dropdownLabel\" id=\"dropdownLabel-share-list\"><span class=\"sgmbButtonListLabel1\">Share List<\/span><\/div>\r\n\t\t\t\t\t\t<div class=\"dropdownPanel dropdownPanel1-1\">\r\n\t\t\t\t\t\t<\/div>\r\n\t\t\t\t\t<\/div><script>  SGMB_URL = \"https:\/\/dealbariza.com\/wp-content\/plugins\/social-media-builder\/\"; jQuery(\".dropdownWrapper\").hide(); SGMB_GOOGLE_ACOUNT = \"\"; <\/script><script type=\"text\/javascript\">\r\n\t\tjQuery(document).ready(function($){var widget = new SGMBWidget();widget.show({\"id\":\"1\",\"title\":\"Redes sociales\",\"options\":{\"currentUrl\":\"1\",\"url\":\"\",\"shareText\":\"\",\"fontSize\":\"14\",\"betweenButtons\":\"1px\",\"theme\":\"classic\",\"buttonsPosition\":\"\",\"socialTheme\":\"\",\"icon\":\"default\",\"buttonsPanelEffect\":\"No Effect\",\"buttonsEffect\":\"No Effect\",\"iconsEffect\":\"No Effect\",\"buttons\":\"{\\\"facebook\\\":{\\\"label\\\":\\\"Share\\\",\\\"icon\\\":\\\"default-facebook\\\"},\\\"twitter\\\":{\\\"label\\\":\\\"Tweet\\\",\\\"icon\\\":\\\"default-twitter\\\",\\\"via\\\":\\\"\\\",\\\"hashtags\\\":\\\"\\\"},\\\"googleplus\\\":{\\\"label\\\":\\\"+1\\\",\\\"icon\\\":\\\"default-googleplus\\\"},\\\"linkedin\\\":{\\\"label\\\":\\\"Share\\\",\\\"icon\\\":\\\"default-linkedin\\\"}}\",\"roundButton\":\"\",\"showLabels\":\"on\",\"showCounts\":\"\",\"showCenter\":\"\",\"showButtonsAsList\":\"\",\"setButtonsPosition\":\"\",\"sgmbDropdownColor\":\"\",\"sgmbDropdownLabelFontSize\":\"14\",\"sgmbDropdownLabelColor\":\"\",\"showButtonsOnEveryPost\":\"\",\"showOnAllPost\":\"\",\"sgmbPostionOnEveryPost\":\"Left\",\"textOnEveryPost\":\"\",\"showButtonsOnMobileDirect\":\"on\"},\"buttonOptions\":{\"facebook\":{\"label\":\"Share\",\"icon\":\"default-facebook\"},\"twitter\":{\"label\":\"Tweet\",\"icon\":\"default-twitter\",\"via\":\"\",\"hashtags\":\"\"},\"googleplus\":{\"label\":\"+1\",\"icon\":\"default-googleplus\"},\"linkedin\":{\"label\":\"Share\",\"icon\":\"default-linkedin\"}},\"button\":[\"facebook\",\"twitter\",\"googleplus\",\"linkedin\"]}, 1, '', 'https:\/\/dealbariza.com\/wp-content\/uploads\/2023\/03\/Ron_dos_maderas_5_5.png', '', 'https:\/\/dealbariza.com\/?product=ron-dos-maderas-55-70cl'); });<\/script>\n<p>&nbsp;<\/p>\n","protected":false},"excerpt":{"rendered":"<p>Ron Dos Maderas 5+5 70cl<\/p>\n<p>Definici\u00f3n : Premium Caribbean Spirit.<\/p>\n<p>Elaboraci\u00f3n Sistema de A\u00f1adas : Tras reposar durante cinco a\u00f1os en tierras caribe\u00f1as y otros tres en Bodegas Williams &amp; Humbert en la madera del Dos Cortados (Palo Cortado), \u201cDos Maderas 5+3\u201d ya terminado pasa a una tercera fase de envejecimiento en barricas que previamente han envejecido durante 20 a\u00f1os el jerez Don Guido (Pedro Xim\u00e9nez) dando origen al extraordinario Dos Maderas P.X. Tanto el Don Guido como el Dos Cortados cuentan con un envejecimiento de 20 a\u00f1os acreditado por la Denominaci\u00f3n de Origen m\u00e1s antigua de Espa\u00f1a: Jerez-X\u00e9r\u00e8s-Sherry.<\/p>\n<p>Nota de cata: Su \u00faltima fase de a\u00f1ejamiento en barricas de Pedro Xim\u00e9nez le dota de un color \u00e1mbar muy oscuro y delicadas notas a pasas, higos y vainilla.<\/p>\n<p>Graduaci\u00f3n : 40% Alc. \/ Vol.<\/p>\n[sgmb id=\"1\"]\n","protected":false},"featured_media":1533,"comment_status":"closed","ping_status":"closed","template":"","meta":{"nf_dc_page":"","_monsterinsights_skip_tracking":false,"_monsterinsights_sitenote_active":false,"_monsterinsights_sitenote_note":"","_monsterinsights_sitenote_category":0},"product_brand":[],"product_cat":[295,269],"product_tag":[76,163,305],"class_list":{"0":"post-1532","1":"product","2":"type-product","3":"status-publish","4":"has-post-thumbnail","6":"product_cat-bebidas-espirituosas","7":"product_cat-ron","8":"product_tag-ron","9":"product_tag-williams-humbert","10":"product_tag-williams-and-humbert","12":"first","13":"instock","14":"taxable","15":"shipping-taxable","16":"purchasable","17":"product-type-simple"},"yoast_head":"<!-- This site is optimized with the Yoast SEO plugin v27.6 - https:\/\/yoast.com\/product\/yoast-seo-wordpress\/ -->\n<title>Ron Dos Maderas 5+5 70cl - Dealbariza<\/title>\n<meta name=\"robots\" content=\"index, follow, max-snippet:-1, max-image-preview:large, max-video-preview:-1\" \/>\n<link rel=\"canonical\" href=\"https:\/\/dealbariza.com\/?product=ron-dos-maderas-55-70cl\" \/>\n<meta property=\"og:locale\" content=\"es_ES\" \/>\n<meta property=\"og:type\" content=\"article\" \/>\n<meta property=\"og:title\" content=\"Ron Dos Maderas 5+5 70cl - Dealbariza\" \/>\n<meta property=\"og:description\" content=\"Ron Dos Maderas 5+5 70cl  Definici\u00f3n : Premium Caribbean Spirit.  Elaboraci\u00f3n Sistema de A\u00f1adas : Tras reposar durante cinco a\u00f1os en tierras caribe\u00f1as y otros tres en Bodegas Williams &amp; Humbert en la madera del Dos Cortados (Palo Cortado), \u201cDos Maderas 5+3\u201d ya terminado pasa a una tercera fase de envejecimiento en barricas que previamente han envejecido durante 20 a\u00f1os el jerez Don Guido (Pedro Xim\u00e9nez) dando origen al extraordinario Dos Maderas P.X. Tanto el Don Guido como el Dos Cortados cuentan con un envejecimiento de 20 a\u00f1os acreditado por la Denominaci\u00f3n de Origen m\u00e1s antigua de Espa\u00f1a: Jerez-X\u00e9r\u00e8s-Sherry.  Nota de cata: Su \u00faltima fase de a\u00f1ejamiento en barricas de Pedro Xim\u00e9nez le dota de un color \u00e1mbar muy oscuro y delicadas notas a pasas, higos y vainilla.  Graduaci\u00f3n : 40% Alc. \/ Vol.\" \/>\n<meta property=\"og:url\" content=\"https:\/\/dealbariza.com\/?product=ron-dos-maderas-55-70cl\" \/>\n<meta property=\"og:site_name\" content=\"Dealbariza\" \/>\n<meta property=\"article:modified_time\" content=\"2024-04-08T17:23:56+00:00\" \/>\n<meta property=\"og:image\" content=\"https:\/\/dealbariza.com\/wp-content\/uploads\/2023\/03\/Ron_dos_maderas_5_5.png\" \/>\n\t<meta property=\"og:image:width\" content=\"521\" \/>\n\t<meta property=\"og:image:height\" content=\"520\" \/>\n\t<meta property=\"og:image:type\" content=\"image\/png\" \/>\n<meta name=\"twitter:card\" content=\"summary_large_image\" \/>\n<meta name=\"twitter:label1\" content=\"Tiempo de lectura\" \/>\n\t<meta name=\"twitter:data1\" content=\"1 minuto\" \/>\n<script type=\"application\/ld+json\" class=\"yoast-schema-graph\">{\"@context\":\"https:\\\/\\\/schema.org\",\"@graph\":[{\"@type\":\"WebPage\",\"@id\":\"https:\\\/\\\/dealbariza.com\\\/?product=ron-dos-maderas-55-70cl\",\"url\":\"https:\\\/\\\/dealbariza.com\\\/?product=ron-dos-maderas-55-70cl\",\"name\":\"Ron Dos Maderas 5+5 70cl - Dealbariza\",\"isPartOf\":{\"@id\":\"https:\\\/\\\/dealbariza.com\\\/#website\"},\"primaryImageOfPage\":{\"@id\":\"https:\\\/\\\/dealbariza.com\\\/?product=ron-dos-maderas-55-70cl#primaryimage\"},\"image\":{\"@id\":\"https:\\\/\\\/dealbariza.com\\\/?product=ron-dos-maderas-55-70cl#primaryimage\"},\"thumbnailUrl\":\"https:\\\/\\\/dealbariza.com\\\/wp-content\\\/uploads\\\/2023\\\/03\\\/Ron_dos_maderas_5_5.png\",\"datePublished\":\"2023-03-14T09:30:05+00:00\",\"dateModified\":\"2024-04-08T17:23:56+00:00\",\"breadcrumb\":{\"@id\":\"https:\\\/\\\/dealbariza.com\\\/?product=ron-dos-maderas-55-70cl#breadcrumb\"},\"inLanguage\":\"es\",\"potentialAction\":[{\"@type\":\"ReadAction\",\"target\":[\"https:\\\/\\\/dealbariza.com\\\/?product=ron-dos-maderas-55-70cl\"]}]},{\"@type\":\"ImageObject\",\"inLanguage\":\"es\",\"@id\":\"https:\\\/\\\/dealbariza.com\\\/?product=ron-dos-maderas-55-70cl#primaryimage\",\"url\":\"https:\\\/\\\/dealbariza.com\\\/wp-content\\\/uploads\\\/2023\\\/03\\\/Ron_dos_maderas_5_5.png\",\"contentUrl\":\"https:\\\/\\\/dealbariza.com\\\/wp-content\\\/uploads\\\/2023\\\/03\\\/Ron_dos_maderas_5_5.png\",\"width\":521,\"height\":520},{\"@type\":\"BreadcrumbList\",\"@id\":\"https:\\\/\\\/dealbariza.com\\\/?product=ron-dos-maderas-55-70cl#breadcrumb\",\"itemListElement\":[{\"@type\":\"ListItem\",\"position\":1,\"name\":\"Portada\",\"item\":\"https:\\\/\\\/dealbariza.com\\\/\"},{\"@type\":\"ListItem\",\"position\":2,\"name\":\"Inicio\",\"item\":\"https:\\\/\\\/dealbariza.com\\\/\"},{\"@type\":\"ListItem\",\"position\":3,\"name\":\"Ron Dos Maderas 5+5 70cl\"}]},{\"@type\":\"WebSite\",\"@id\":\"https:\\\/\\\/dealbariza.com\\\/#website\",\"url\":\"https:\\\/\\\/dealbariza.com\\\/\",\"name\":\"Dealbariza\",\"description\":\"Los mejores productos de Sanl\u00facar de Barrameda y alrededores\",\"potentialAction\":[{\"@type\":\"SearchAction\",\"target\":{\"@type\":\"EntryPoint\",\"urlTemplate\":\"https:\\\/\\\/dealbariza.com\\\/?s={search_term_string}\"},\"query-input\":{\"@type\":\"PropertyValueSpecification\",\"valueRequired\":true,\"valueName\":\"search_term_string\"}}],\"inLanguage\":\"es\"}]}<\/script>\n<!-- \/ Yoast SEO plugin. -->","yoast_head_json":{"title":"Ron Dos Maderas 5+5 70cl - Dealbariza","robots":{"index":"index","follow":"follow","max-snippet":"max-snippet:-1","max-image-preview":"max-image-preview:large","max-video-preview":"max-video-preview:-1"},"canonical":"https:\/\/dealbariza.com\/?product=ron-dos-maderas-55-70cl","og_locale":"es_ES","og_type":"article","og_title":"Ron Dos Maderas 5+5 70cl - Dealbariza","og_description":"Ron Dos Maderas 5+5 70cl  Definici\u00f3n : Premium Caribbean Spirit.  Elaboraci\u00f3n Sistema de A\u00f1adas : Tras reposar durante cinco a\u00f1os en tierras caribe\u00f1as y otros tres en Bodegas Williams &amp; Humbert en la madera del Dos Cortados (Palo Cortado), \u201cDos Maderas 5+3\u201d ya terminado pasa a una tercera fase de envejecimiento en barricas que previamente han envejecido durante 20 a\u00f1os el jerez Don Guido (Pedro Xim\u00e9nez) dando origen al extraordinario Dos Maderas P.X. Tanto el Don Guido como el Dos Cortados cuentan con un envejecimiento de 20 a\u00f1os acreditado por la Denominaci\u00f3n de Origen m\u00e1s antigua de Espa\u00f1a: Jerez-X\u00e9r\u00e8s-Sherry.  Nota de cata: Su \u00faltima fase de a\u00f1ejamiento en barricas de Pedro Xim\u00e9nez le dota de un color \u00e1mbar muy oscuro y delicadas notas a pasas, higos y vainilla.  Graduaci\u00f3n : 40% Alc. \/ Vol.","og_url":"https:\/\/dealbariza.com\/?product=ron-dos-maderas-55-70cl","og_site_name":"Dealbariza","article_modified_time":"2024-04-08T17:23:56+00:00","og_image":[{"width":521,"height":520,"url":"https:\/\/dealbariza.com\/wp-content\/uploads\/2023\/03\/Ron_dos_maderas_5_5.png","type":"image\/png"}],"twitter_card":"summary_large_image","twitter_misc":{"Tiempo de lectura":"1 minuto"},"schema":{"@context":"https:\/\/schema.org","@graph":[{"@type":"WebPage","@id":"https:\/\/dealbariza.com\/?product=ron-dos-maderas-55-70cl","url":"https:\/\/dealbariza.com\/?product=ron-dos-maderas-55-70cl","name":"Ron Dos Maderas 5+5 70cl - Dealbariza","isPartOf":{"@id":"https:\/\/dealbariza.com\/#website"},"primaryImageOfPage":{"@id":"https:\/\/dealbariza.com\/?product=ron-dos-maderas-55-70cl#primaryimage"},"image":{"@id":"https:\/\/dealbariza.com\/?product=ron-dos-maderas-55-70cl#primaryimage"},"thumbnailUrl":"https:\/\/dealbariza.com\/wp-content\/uploads\/2023\/03\/Ron_dos_maderas_5_5.png","datePublished":"2023-03-14T09:30:05+00:00","dateModified":"2024-04-08T17:23:56+00:00","breadcrumb":{"@id":"https:\/\/dealbariza.com\/?product=ron-dos-maderas-55-70cl#breadcrumb"},"inLanguage":"es","potentialAction":[{"@type":"ReadAction","target":["https:\/\/dealbariza.com\/?product=ron-dos-maderas-55-70cl"]}]},{"@type":"ImageObject","inLanguage":"es","@id":"https:\/\/dealbariza.com\/?product=ron-dos-maderas-55-70cl#primaryimage","url":"https:\/\/dealbariza.com\/wp-content\/uploads\/2023\/03\/Ron_dos_maderas_5_5.png","contentUrl":"https:\/\/dealbariza.com\/wp-content\/uploads\/2023\/03\/Ron_dos_maderas_5_5.png","width":521,"height":520},{"@type":"BreadcrumbList","@id":"https:\/\/dealbariza.com\/?product=ron-dos-maderas-55-70cl#breadcrumb","itemListElement":[{"@type":"ListItem","position":1,"name":"Portada","item":"https:\/\/dealbariza.com\/"},{"@type":"ListItem","position":2,"name":"Inicio","item":"https:\/\/dealbariza.com\/"},{"@type":"ListItem","position":3,"name":"Ron Dos Maderas 5+5 70cl"}]},{"@type":"WebSite","@id":"https:\/\/dealbariza.com\/#website","url":"https:\/\/dealbariza.com\/","name":"Dealbariza","description":"Los mejores productos de Sanl\u00facar de Barrameda y alrededores","potentialAction":[{"@type":"SearchAction","target":{"@type":"EntryPoint","urlTemplate":"https:\/\/dealbariza.com\/?s={search_term_string}"},"query-input":{"@type":"PropertyValueSpecification","valueRequired":true,"valueName":"search_term_string"}}],"inLanguage":"es"}]}},"_links":{"self":[{"href":"https:\/\/dealbariza.com\/index.php?rest_route=\/wp\/v2\/product\/1532","targetHints":{"allow":["GET"]}}],"collection":[{"href":"https:\/\/dealbariza.com\/index.php?rest_route=\/wp\/v2\/product"}],"about":[{"href":"https:\/\/dealbariza.com\/index.php?rest_route=\/wp\/v2\/types\/product"}],"replies":[{"embeddable":true,"href":"https:\/\/dealbariza.com\/index.php?rest_route=%2Fwp%2Fv2%2Fcomments&post=1532"}],"wp:featuredmedia":[{"embeddable":true,"href":"https:\/\/dealbariza.com\/index.php?rest_route=\/wp\/v2\/media\/1533"}],"wp:attachment":[{"href":"https:\/\/dealbariza.com\/index.php?rest_route=%2Fwp%2Fv2%2Fmedia&parent=1532"}],"wp:term":[{"taxonomy":"product_brand","embeddable":true,"href":"https:\/\/dealbariza.com\/index.php?rest_route=%2Fwp%2Fv2%2Fproduct_brand&post=1532"},{"taxonomy":"product_cat","embeddable":true,"href":"https:\/\/dealbariza.com\/index.php?rest_route=%2Fwp%2Fv2%2Fproduct_cat&post=1532"},{"taxonomy":"product_tag","embeddable":true,"href":"https:\/\/dealbariza.com\/index.php?rest_route=%2Fwp%2Fv2%2Fproduct_tag&post=1532"}],"curies":[{"name":"wp","href":"https:\/\/api.w.org\/{rel}","templated":true}]}}