{"id":1504,"date":"2023-01-20T17:53:34","date_gmt":"2023-01-20T17:53:34","guid":{"rendered":"https:\/\/dealbariza.com\/?post_type=product&#038;p=1504"},"modified":"2025-01-28T17:50:15","modified_gmt":"2025-01-28T17:50:15","slug":"forlong-burbuja-blanco-75cl","status":"publish","type":"product","link":"https:\/\/dealbariza.com\/?product=forlong-burbuja-blanco-75cl","title":{"rendered":"Forlong Burbuja Blanco 75cl"},"content":{"rendered":"<p>Forlong Burbuja Blanco 75cl<\/p>\n<p>Vino espumoso elaborado con uva 100% palomino procedente del Pago de Gra\u00f1ina, caracterizado por su suelo de albariza tosca. Elaborado por el m\u00e9todo ancestral, el cual consiste en embotellar el mosto en fermentaci\u00f3n antes de que finalice \u00e9sta, es decir, antes del consumo total de los az\u00facares. A continuaci\u00f3n las botellas se mantienen en rima durante 8 meses, el contacto del vino con las l\u00edas aporta estructura y complejidad a este palomino.<\/p>\n<p>Pasada esta etapa de crianza, las botellas se colocan bocabajo durante 3 semanas para que las l\u00edas se depositen en el gollete de la botella.<\/p>\n<p>Para finalizar el proceso, se procede al deg\u00fcelle de las botellas a \u201cla vol\u00e9\u201d, que consiste en retirar la chapa de la botella con un movimiento r\u00e1pido y por el cual se elimina la l\u00eda del interior del gollete ayudado por la presi\u00f3n del gas presente de manera natural en el interior de la botella. Para no alterar la tipicidad, el relleno de la botella se realiza con el mismo vino y finalmente es taponado con su chapa definitiva.<\/p>\n<p>Este vino natural se embotella sin haber adicionado sulfitos y sin ser sometido a ning\u00fan tratamiento de filtraci\u00f3n ni clarificaci\u00f3n por lo que puede presentar sedimentos naturales.<\/p>\n<p>12% Vol<\/p>\n<p>75cl<\/p>\n<p>Aqu\u00ed puede comprar Forlong Burbuja Blanco 75cl<\/p>\n<div id=\"sgmbShare1-1\" class=\"sgmbShare jssocials-theme-classic sgmbWidget1-1\"><\/div><div class=\"dropdownWrapper dropdownWrapper1 dropdownWrapper-for-widget \" id=\"dropdownWrapper-for-widget\">\r\n\t\t\t\t\t\t<div class=\"dropdownLabel\" id=\"dropdownLabel-share-list\"><span class=\"sgmbButtonListLabel1\">Share List<\/span><\/div>\r\n\t\t\t\t\t\t<div class=\"dropdownPanel dropdownPanel1-1\">\r\n\t\t\t\t\t\t<\/div>\r\n\t\t\t\t\t<\/div><script>  SGMB_URL = \"https:\/\/dealbariza.com\/wp-content\/plugins\/social-media-builder\/\"; jQuery(\".dropdownWrapper\").hide(); SGMB_GOOGLE_ACOUNT = \"\"; <\/script><script type=\"text\/javascript\">\r\n\t\tjQuery(document).ready(function($){var widget = new SGMBWidget();widget.show({\"id\":\"1\",\"title\":\"Redes sociales\",\"options\":{\"currentUrl\":\"1\",\"url\":\"\",\"shareText\":\"\",\"fontSize\":\"14\",\"betweenButtons\":\"1px\",\"theme\":\"classic\",\"buttonsPosition\":\"\",\"socialTheme\":\"\",\"icon\":\"default\",\"buttonsPanelEffect\":\"No Effect\",\"buttonsEffect\":\"No Effect\",\"iconsEffect\":\"No Effect\",\"buttons\":\"{\\\"facebook\\\":{\\\"label\\\":\\\"Share\\\",\\\"icon\\\":\\\"default-facebook\\\"},\\\"twitter\\\":{\\\"label\\\":\\\"Tweet\\\",\\\"icon\\\":\\\"default-twitter\\\",\\\"via\\\":\\\"\\\",\\\"hashtags\\\":\\\"\\\"},\\\"googleplus\\\":{\\\"label\\\":\\\"+1\\\",\\\"icon\\\":\\\"default-googleplus\\\"},\\\"linkedin\\\":{\\\"label\\\":\\\"Share\\\",\\\"icon\\\":\\\"default-linkedin\\\"}}\",\"roundButton\":\"\",\"showLabels\":\"on\",\"showCounts\":\"\",\"showCenter\":\"\",\"showButtonsAsList\":\"\",\"setButtonsPosition\":\"\",\"sgmbDropdownColor\":\"\",\"sgmbDropdownLabelFontSize\":\"14\",\"sgmbDropdownLabelColor\":\"\",\"showButtonsOnEveryPost\":\"\",\"showOnAllPost\":\"\",\"sgmbPostionOnEveryPost\":\"Left\",\"textOnEveryPost\":\"\",\"showButtonsOnMobileDirect\":\"on\"},\"buttonOptions\":{\"facebook\":{\"label\":\"Share\",\"icon\":\"default-facebook\"},\"twitter\":{\"label\":\"Tweet\",\"icon\":\"default-twitter\",\"via\":\"\",\"hashtags\":\"\"},\"googleplus\":{\"label\":\"+1\",\"icon\":\"default-googleplus\"},\"linkedin\":{\"label\":\"Share\",\"icon\":\"default-linkedin\"}},\"button\":[\"facebook\",\"twitter\",\"googleplus\",\"linkedin\"]}, 1, '', 'https:\/\/dealbariza.com\/wp-content\/uploads\/2023\/01\/forlong_burbuja.jpg', '', 'https:\/\/dealbariza.com\/?product=forlong-burbuja-blanco-75cl'); });<\/script>\n<p>&nbsp;<\/p>\n","protected":false},"excerpt":{"rendered":"<p>Forlong Burbuja Blanco 75cl<\/p>\n<p>Vino espumoso elaborado con uva 100% palomino procedente del Pago de Gra\u00f1ina, caracterizado por su suelo de albariza tosca. Elaborado por el m\u00e9todo ancestral, el cual consiste en embotellar el mosto en fermentaci\u00f3n antes de que finalice \u00e9sta, es decir, antes del consumo total de los az\u00facares. A continuaci\u00f3n las botellas se mantienen en rima durante 8 meses, el contacto del vino con las l\u00edas aporta estructura y complejidad a este palomino.<\/p>\n<p>Pasada esta etapa de crianza, las botellas se colocan bocabajo durante 3 semanas para que las l\u00edas se depositen en el gollete de la botella.<\/p>\n<p>Para finalizar el proceso, se procede al deg\u00fcelle de las botellas a \u201cla vol\u00e9\u201d, que consiste en retirar la chapa de la botella con un movimiento r\u00e1pido y por el cual se elimina la l\u00eda del interior del gollete ayudado por la presi\u00f3n del gas presente de manera natural en el interior de la botella. Para no alterar la tipicidad, el relleno de la botella se realiza con el mismo vino y finalmente es taponado con su chapa definitiva.<\/p>\n<p>Este vino natural se embotella sin haber adicionado sulfitos y sin ser sometido a ning\u00fan tratamiento de filtraci\u00f3n ni clarificaci\u00f3n por lo que puede presentar sedimentos naturales.<\/p>\n<p>12% Vol<\/p>\n<p>75cl<\/p>\n","protected":false},"featured_media":1505,"comment_status":"closed","ping_status":"closed","template":"","meta":{"nf_dc_page":"","_monsterinsights_skip_tracking":false,"_monsterinsights_sitenote_active":false,"_monsterinsights_sitenote_note":"","_monsterinsights_sitenote_category":0},"product_brand":[],"product_cat":[299,6],"product_tag":[341,65],"class_list":{"0":"post-1504","1":"product","2":"type-product","3":"status-publish","4":"has-post-thumbnail","6":"product_cat-espumosos","7":"product_cat-vinos","8":"product_tag-ancestral","9":"product_tag-forlong","11":"first","12":"instock","13":"taxable","14":"shipping-taxable","15":"purchasable","16":"product-type-simple"},"yoast_head":"<!-- This site is optimized with the Yoast SEO plugin v27.6 - https:\/\/yoast.com\/product\/yoast-seo-wordpress\/ -->\n<title>Forlong Burbuja Blanco 75cl - Dealbariza<\/title>\n<meta name=\"robots\" content=\"index, follow, max-snippet:-1, max-image-preview:large, max-video-preview:-1\" \/>\n<link rel=\"canonical\" href=\"https:\/\/dealbariza.com\/?product=forlong-burbuja-blanco-75cl\" \/>\n<meta property=\"og:locale\" content=\"es_ES\" \/>\n<meta property=\"og:type\" content=\"article\" \/>\n<meta property=\"og:title\" content=\"Forlong Burbuja Blanco 75cl - Dealbariza\" \/>\n<meta property=\"og:description\" content=\"Forlong Burbuja Blanco 75cl  Vino espumoso elaborado con uva 100% palomino procedente del Pago de Gra\u00f1ina, caracterizado por su suelo de albariza tosca. Elaborado por el m\u00e9todo ancestral, el cual consiste en embotellar el mosto en fermentaci\u00f3n antes de que finalice \u00e9sta, es decir, antes del consumo total de los az\u00facares. A continuaci\u00f3n las botellas se mantienen en rima durante 8 meses, el contacto del vino con las l\u00edas aporta estructura y complejidad a este palomino.  Pasada esta etapa de crianza, las botellas se colocan bocabajo durante 3 semanas para que las l\u00edas se depositen en el gollete de la botella.  Para finalizar el proceso, se procede al deg\u00fcelle de las botellas a \u201cla vol\u00e9\u201d, que consiste en retirar la chapa de la botella con un movimiento r\u00e1pido y por el cual se elimina la l\u00eda del interior del gollete ayudado por la presi\u00f3n del gas presente de manera natural en el interior de la botella. Para no alterar la tipicidad, el relleno de la botella se realiza con el mismo vino y finalmente es taponado con su chapa definitiva.  Este vino natural se embotella sin haber adicionado sulfitos y sin ser sometido a ning\u00fan tratamiento de filtraci\u00f3n ni clarificaci\u00f3n por lo que puede presentar sedimentos naturales.  12% Vol  75cl\" \/>\n<meta property=\"og:url\" content=\"https:\/\/dealbariza.com\/?product=forlong-burbuja-blanco-75cl\" \/>\n<meta property=\"og:site_name\" content=\"Dealbariza\" \/>\n<meta property=\"article:modified_time\" content=\"2025-01-28T17:50:15+00:00\" \/>\n<meta property=\"og:image\" content=\"https:\/\/dealbariza.com\/wp-content\/uploads\/2023\/01\/forlong_burbuja.jpg\" \/>\n\t<meta property=\"og:image:width\" content=\"1552\" \/>\n\t<meta property=\"og:image:height\" content=\"1552\" \/>\n\t<meta property=\"og:image:type\" content=\"image\/jpeg\" \/>\n<meta name=\"twitter:card\" content=\"summary_large_image\" \/>\n<meta name=\"twitter:label1\" content=\"Tiempo de lectura\" \/>\n\t<meta name=\"twitter:data1\" content=\"2 minutos\" \/>\n<script type=\"application\/ld+json\" class=\"yoast-schema-graph\">{\"@context\":\"https:\\\/\\\/schema.org\",\"@graph\":[{\"@type\":\"WebPage\",\"@id\":\"https:\\\/\\\/dealbariza.com\\\/?product=forlong-burbuja-blanco-75cl\",\"url\":\"https:\\\/\\\/dealbariza.com\\\/?product=forlong-burbuja-blanco-75cl\",\"name\":\"Forlong Burbuja Blanco 75cl - Dealbariza\",\"isPartOf\":{\"@id\":\"https:\\\/\\\/dealbariza.com\\\/#website\"},\"primaryImageOfPage\":{\"@id\":\"https:\\\/\\\/dealbariza.com\\\/?product=forlong-burbuja-blanco-75cl#primaryimage\"},\"image\":{\"@id\":\"https:\\\/\\\/dealbariza.com\\\/?product=forlong-burbuja-blanco-75cl#primaryimage\"},\"thumbnailUrl\":\"https:\\\/\\\/dealbariza.com\\\/wp-content\\\/uploads\\\/2023\\\/01\\\/forlong_burbuja.jpg\",\"datePublished\":\"2023-01-20T17:53:34+00:00\",\"dateModified\":\"2025-01-28T17:50:15+00:00\",\"breadcrumb\":{\"@id\":\"https:\\\/\\\/dealbariza.com\\\/?product=forlong-burbuja-blanco-75cl#breadcrumb\"},\"inLanguage\":\"es\",\"potentialAction\":[{\"@type\":\"ReadAction\",\"target\":[\"https:\\\/\\\/dealbariza.com\\\/?product=forlong-burbuja-blanco-75cl\"]}]},{\"@type\":\"ImageObject\",\"inLanguage\":\"es\",\"@id\":\"https:\\\/\\\/dealbariza.com\\\/?product=forlong-burbuja-blanco-75cl#primaryimage\",\"url\":\"https:\\\/\\\/dealbariza.com\\\/wp-content\\\/uploads\\\/2023\\\/01\\\/forlong_burbuja.jpg\",\"contentUrl\":\"https:\\\/\\\/dealbariza.com\\\/wp-content\\\/uploads\\\/2023\\\/01\\\/forlong_burbuja.jpg\",\"width\":1552,\"height\":1552},{\"@type\":\"BreadcrumbList\",\"@id\":\"https:\\\/\\\/dealbariza.com\\\/?product=forlong-burbuja-blanco-75cl#breadcrumb\",\"itemListElement\":[{\"@type\":\"ListItem\",\"position\":1,\"name\":\"Portada\",\"item\":\"https:\\\/\\\/dealbariza.com\\\/\"},{\"@type\":\"ListItem\",\"position\":2,\"name\":\"Inicio\",\"item\":\"https:\\\/\\\/dealbariza.com\\\/\"},{\"@type\":\"ListItem\",\"position\":3,\"name\":\"Forlong Burbuja Blanco 75cl\"}]},{\"@type\":\"WebSite\",\"@id\":\"https:\\\/\\\/dealbariza.com\\\/#website\",\"url\":\"https:\\\/\\\/dealbariza.com\\\/\",\"name\":\"Dealbariza\",\"description\":\"Los mejores productos de Sanl\u00facar de Barrameda y alrededores\",\"potentialAction\":[{\"@type\":\"SearchAction\",\"target\":{\"@type\":\"EntryPoint\",\"urlTemplate\":\"https:\\\/\\\/dealbariza.com\\\/?s={search_term_string}\"},\"query-input\":{\"@type\":\"PropertyValueSpecification\",\"valueRequired\":true,\"valueName\":\"search_term_string\"}}],\"inLanguage\":\"es\"}]}<\/script>\n<!-- \/ Yoast SEO plugin. -->","yoast_head_json":{"title":"Forlong Burbuja Blanco 75cl - Dealbariza","robots":{"index":"index","follow":"follow","max-snippet":"max-snippet:-1","max-image-preview":"max-image-preview:large","max-video-preview":"max-video-preview:-1"},"canonical":"https:\/\/dealbariza.com\/?product=forlong-burbuja-blanco-75cl","og_locale":"es_ES","og_type":"article","og_title":"Forlong Burbuja Blanco 75cl - Dealbariza","og_description":"Forlong Burbuja Blanco 75cl  Vino espumoso elaborado con uva 100% palomino procedente del Pago de Gra\u00f1ina, caracterizado por su suelo de albariza tosca. Elaborado por el m\u00e9todo ancestral, el cual consiste en embotellar el mosto en fermentaci\u00f3n antes de que finalice \u00e9sta, es decir, antes del consumo total de los az\u00facares. A continuaci\u00f3n las botellas se mantienen en rima durante 8 meses, el contacto del vino con las l\u00edas aporta estructura y complejidad a este palomino.  Pasada esta etapa de crianza, las botellas se colocan bocabajo durante 3 semanas para que las l\u00edas se depositen en el gollete de la botella.  Para finalizar el proceso, se procede al deg\u00fcelle de las botellas a \u201cla vol\u00e9\u201d, que consiste en retirar la chapa de la botella con un movimiento r\u00e1pido y por el cual se elimina la l\u00eda del interior del gollete ayudado por la presi\u00f3n del gas presente de manera natural en el interior de la botella. Para no alterar la tipicidad, el relleno de la botella se realiza con el mismo vino y finalmente es taponado con su chapa definitiva.  Este vino natural se embotella sin haber adicionado sulfitos y sin ser sometido a ning\u00fan tratamiento de filtraci\u00f3n ni clarificaci\u00f3n por lo que puede presentar sedimentos naturales.  12% Vol  75cl","og_url":"https:\/\/dealbariza.com\/?product=forlong-burbuja-blanco-75cl","og_site_name":"Dealbariza","article_modified_time":"2025-01-28T17:50:15+00:00","og_image":[{"width":1552,"height":1552,"url":"https:\/\/dealbariza.com\/wp-content\/uploads\/2023\/01\/forlong_burbuja.jpg","type":"image\/jpeg"}],"twitter_card":"summary_large_image","twitter_misc":{"Tiempo de lectura":"2 minutos"},"schema":{"@context":"https:\/\/schema.org","@graph":[{"@type":"WebPage","@id":"https:\/\/dealbariza.com\/?product=forlong-burbuja-blanco-75cl","url":"https:\/\/dealbariza.com\/?product=forlong-burbuja-blanco-75cl","name":"Forlong Burbuja Blanco 75cl - Dealbariza","isPartOf":{"@id":"https:\/\/dealbariza.com\/#website"},"primaryImageOfPage":{"@id":"https:\/\/dealbariza.com\/?product=forlong-burbuja-blanco-75cl#primaryimage"},"image":{"@id":"https:\/\/dealbariza.com\/?product=forlong-burbuja-blanco-75cl#primaryimage"},"thumbnailUrl":"https:\/\/dealbariza.com\/wp-content\/uploads\/2023\/01\/forlong_burbuja.jpg","datePublished":"2023-01-20T17:53:34+00:00","dateModified":"2025-01-28T17:50:15+00:00","breadcrumb":{"@id":"https:\/\/dealbariza.com\/?product=forlong-burbuja-blanco-75cl#breadcrumb"},"inLanguage":"es","potentialAction":[{"@type":"ReadAction","target":["https:\/\/dealbariza.com\/?product=forlong-burbuja-blanco-75cl"]}]},{"@type":"ImageObject","inLanguage":"es","@id":"https:\/\/dealbariza.com\/?product=forlong-burbuja-blanco-75cl#primaryimage","url":"https:\/\/dealbariza.com\/wp-content\/uploads\/2023\/01\/forlong_burbuja.jpg","contentUrl":"https:\/\/dealbariza.com\/wp-content\/uploads\/2023\/01\/forlong_burbuja.jpg","width":1552,"height":1552},{"@type":"BreadcrumbList","@id":"https:\/\/dealbariza.com\/?product=forlong-burbuja-blanco-75cl#breadcrumb","itemListElement":[{"@type":"ListItem","position":1,"name":"Portada","item":"https:\/\/dealbariza.com\/"},{"@type":"ListItem","position":2,"name":"Inicio","item":"https:\/\/dealbariza.com\/"},{"@type":"ListItem","position":3,"name":"Forlong Burbuja Blanco 75cl"}]},{"@type":"WebSite","@id":"https:\/\/dealbariza.com\/#website","url":"https:\/\/dealbariza.com\/","name":"Dealbariza","description":"Los mejores productos de Sanl\u00facar de Barrameda y alrededores","potentialAction":[{"@type":"SearchAction","target":{"@type":"EntryPoint","urlTemplate":"https:\/\/dealbariza.com\/?s={search_term_string}"},"query-input":{"@type":"PropertyValueSpecification","valueRequired":true,"valueName":"search_term_string"}}],"inLanguage":"es"}]}},"_links":{"self":[{"href":"https:\/\/dealbariza.com\/index.php?rest_route=\/wp\/v2\/product\/1504","targetHints":{"allow":["GET"]}}],"collection":[{"href":"https:\/\/dealbariza.com\/index.php?rest_route=\/wp\/v2\/product"}],"about":[{"href":"https:\/\/dealbariza.com\/index.php?rest_route=\/wp\/v2\/types\/product"}],"replies":[{"embeddable":true,"href":"https:\/\/dealbariza.com\/index.php?rest_route=%2Fwp%2Fv2%2Fcomments&post=1504"}],"wp:featuredmedia":[{"embeddable":true,"href":"https:\/\/dealbariza.com\/index.php?rest_route=\/wp\/v2\/media\/1505"}],"wp:attachment":[{"href":"https:\/\/dealbariza.com\/index.php?rest_route=%2Fwp%2Fv2%2Fmedia&parent=1504"}],"wp:term":[{"taxonomy":"product_brand","embeddable":true,"href":"https:\/\/dealbariza.com\/index.php?rest_route=%2Fwp%2Fv2%2Fproduct_brand&post=1504"},{"taxonomy":"product_cat","embeddable":true,"href":"https:\/\/dealbariza.com\/index.php?rest_route=%2Fwp%2Fv2%2Fproduct_cat&post=1504"},{"taxonomy":"product_tag","embeddable":true,"href":"https:\/\/dealbariza.com\/index.php?rest_route=%2Fwp%2Fv2%2Fproduct_tag&post=1504"}],"curies":[{"name":"wp","href":"https:\/\/api.w.org\/{rel}","templated":true}]}}