{"id":1494,"date":"2023-01-20T11:01:51","date_gmt":"2023-01-20T11:01:51","guid":{"rendered":"https:\/\/dealbariza.com\/?post_type=product&#038;p=1494"},"modified":"2023-10-25T16:21:32","modified_gmt":"2023-10-25T16:21:32","slug":"aceite-de-oliva-virgen-extra-la-espanila-arbequina-50cl","status":"publish","type":"product","link":"https:\/\/dealbariza.com\/?product=aceite-de-oliva-virgen-extra-la-espanila-arbequina-50cl","title":{"rendered":"Aceite de Oliva Virgen Extra &#8220;La Espanil\u00e1&#8221; (Arbequina) 50cl"},"content":{"rendered":"<p>Aceite de Oliva Virgen Extra &#8220;La Espanil\u00e1&#8221; (Arbequina) 50cl<\/p>\n<p>De variedad Arbequina, de categor\u00eda superior obtenido directamente de aceitunas\u00a0 s\u00f3lo mediante procedimientos mec\u00e1nicos. Extracci\u00f3n en fr\u00edo. De producci\u00f3n ecol\u00f3gica, considerado uno de los 100 mejores aceites del mundo (86\/11)<\/p>\n<p><img loading=\"lazy\" decoding=\"async\" class=\"alignnone size-medium wp-image-1498\" src=\"https:\/\/dealbariza.com\/wp-content\/uploads\/2023\/01\/67890866_2382251815144110_7787876146988711936_n-300x300.png\" alt=\"\" width=\"300\" height=\"300\" srcset=\"https:\/\/dealbariza.com\/wp-content\/uploads\/2023\/01\/67890866_2382251815144110_7787876146988711936_n-300x300.png 300w, https:\/\/dealbariza.com\/wp-content\/uploads\/2023\/01\/67890866_2382251815144110_7787876146988711936_n-150x150.png 150w, https:\/\/dealbariza.com\/wp-content\/uploads\/2023\/01\/67890866_2382251815144110_7787876146988711936_n-768x768.png 768w, https:\/\/dealbariza.com\/wp-content\/uploads\/2023\/01\/67890866_2382251815144110_7787876146988711936_n-600x600.png 600w, https:\/\/dealbariza.com\/wp-content\/uploads\/2023\/01\/67890866_2382251815144110_7787876146988711936_n-100x100.png 100w, https:\/\/dealbariza.com\/wp-content\/uploads\/2023\/01\/67890866_2382251815144110_7787876146988711936_n.png 886w\" sizes=\"auto, (max-width: 300px) 100vw, 300px\" \/> <img loading=\"lazy\" decoding=\"async\" class=\"alignnone size-medium wp-image-1499\" src=\"https:\/\/dealbariza.com\/wp-content\/uploads\/2023\/01\/etiquetas-ecologicas-agricultura-espana-1024x576-1-300x212.png\" alt=\"\" width=\"300\" height=\"212\" srcset=\"https:\/\/dealbariza.com\/wp-content\/uploads\/2023\/01\/etiquetas-ecologicas-agricultura-espana-1024x576-1-300x212.png 300w, https:\/\/dealbariza.com\/wp-content\/uploads\/2023\/01\/etiquetas-ecologicas-agricultura-espana-1024x576-1.png 468w\" sizes=\"auto, (max-width: 300px) 100vw, 300px\" \/><\/p>\n<p>Producido en Montellano (Sevilla)<\/p>\n<p>Aqu\u00ed puede comprar Aceite de Oliva Virgen Extra &#8220;La Espabil\u00e1&#8221; (Arbequina)<\/p>\n<div id=\"sgmbShare1-1\" class=\"sgmbShare jssocials-theme-classic sgmbWidget1-1\"><\/div><div class=\"dropdownWrapper dropdownWrapper1 dropdownWrapper-for-widget \" id=\"dropdownWrapper-for-widget\">\r\n\t\t\t\t\t\t<div class=\"dropdownLabel\" id=\"dropdownLabel-share-list\"><span class=\"sgmbButtonListLabel1\">Share List<\/span><\/div>\r\n\t\t\t\t\t\t<div class=\"dropdownPanel dropdownPanel1-1\">\r\n\t\t\t\t\t\t<\/div>\r\n\t\t\t\t\t<\/div><script>  SGMB_URL = \"https:\/\/dealbariza.com\/wp-content\/plugins\/social-media-builder\/\"; jQuery(\".dropdownWrapper\").hide(); SGMB_GOOGLE_ACOUNT = \"\"; <\/script><script type=\"text\/javascript\">\r\n\t\tjQuery(document).ready(function($){var widget = new SGMBWidget();widget.show({\"id\":\"1\",\"title\":\"Redes sociales\",\"options\":{\"currentUrl\":\"1\",\"url\":\"\",\"shareText\":\"\",\"fontSize\":\"14\",\"betweenButtons\":\"1px\",\"theme\":\"classic\",\"buttonsPosition\":\"\",\"socialTheme\":\"\",\"icon\":\"default\",\"buttonsPanelEffect\":\"No Effect\",\"buttonsEffect\":\"No Effect\",\"iconsEffect\":\"No Effect\",\"buttons\":\"{\\\"facebook\\\":{\\\"label\\\":\\\"Share\\\",\\\"icon\\\":\\\"default-facebook\\\"},\\\"twitter\\\":{\\\"label\\\":\\\"Tweet\\\",\\\"icon\\\":\\\"default-twitter\\\",\\\"via\\\":\\\"\\\",\\\"hashtags\\\":\\\"\\\"},\\\"googleplus\\\":{\\\"label\\\":\\\"+1\\\",\\\"icon\\\":\\\"default-googleplus\\\"},\\\"linkedin\\\":{\\\"label\\\":\\\"Share\\\",\\\"icon\\\":\\\"default-linkedin\\\"}}\",\"roundButton\":\"\",\"showLabels\":\"on\",\"showCounts\":\"\",\"showCenter\":\"\",\"showButtonsAsList\":\"\",\"setButtonsPosition\":\"\",\"sgmbDropdownColor\":\"\",\"sgmbDropdownLabelFontSize\":\"14\",\"sgmbDropdownLabelColor\":\"\",\"showButtonsOnEveryPost\":\"\",\"showOnAllPost\":\"\",\"sgmbPostionOnEveryPost\":\"Left\",\"textOnEveryPost\":\"\",\"showButtonsOnMobileDirect\":\"on\"},\"buttonOptions\":{\"facebook\":{\"label\":\"Share\",\"icon\":\"default-facebook\"},\"twitter\":{\"label\":\"Tweet\",\"icon\":\"default-twitter\",\"via\":\"\",\"hashtags\":\"\"},\"googleplus\":{\"label\":\"+1\",\"icon\":\"default-googleplus\"},\"linkedin\":{\"label\":\"Share\",\"icon\":\"default-linkedin\"}},\"button\":[\"facebook\",\"twitter\",\"googleplus\",\"linkedin\"]}, 1, '', 'https:\/\/dealbariza.com\/wp-content\/uploads\/2023\/01\/aceite_de_oliva_virgen_extra_la_espabila_arbequina.jpg', '', 'https:\/\/dealbariza.com\/?product=aceite-de-oliva-virgen-extra-la-espanila-arbequina-50cl'); });<\/script>\n","protected":false},"excerpt":{"rendered":"<p>Aceite de Oliva Virgen Extra &#8220;La Espanil\u00e1&#8221; (Arbequina) 50cl<\/p>\n<p>De variedad Arbequina, de categor\u00eda superior obtenido directamente de aceitunas\u00a0 s\u00f3lo mediante procedimientos mec\u00e1nicos. Extracci\u00f3n en fr\u00edo.<\/p>\n[sgmb id=\"1\"]\n","protected":false},"featured_media":1496,"comment_status":"closed","ping_status":"closed","template":"","meta":{"nf_dc_page":"","_monsterinsights_skip_tracking":false,"_monsterinsights_sitenote_active":false,"_monsterinsights_sitenote_note":"","_monsterinsights_sitenote_category":0},"product_brand":[],"product_cat":[294],"product_tag":[326,43,23],"class_list":{"0":"post-1494","1":"product","2":"type-product","3":"status-publish","4":"has-post-thumbnail","6":"product_cat-aceites-y-vinagres","7":"product_tag-aceite-de-oliva","8":"product_tag-aceite-de-oliva-virgen-extra","9":"product_tag-aove","11":"first","12":"outofstock","13":"taxable","14":"shipping-taxable","15":"purchasable","16":"product-type-simple"},"yoast_head":"<!-- This site is optimized with the Yoast SEO plugin v27.6 - https:\/\/yoast.com\/product\/yoast-seo-wordpress\/ -->\n<title>Aceite de Oliva Virgen Extra &quot;La Espanil\u00e1&quot; (Arbequina) 50cl - Dealbariza<\/title>\n<meta name=\"robots\" content=\"index, follow, max-snippet:-1, max-image-preview:large, max-video-preview:-1\" \/>\n<link rel=\"canonical\" href=\"https:\/\/dealbariza.com\/?product=aceite-de-oliva-virgen-extra-la-espanila-arbequina-50cl\" \/>\n<meta property=\"og:locale\" content=\"es_ES\" \/>\n<meta property=\"og:type\" content=\"article\" \/>\n<meta property=\"og:title\" content=\"Aceite de Oliva Virgen Extra &quot;La Espanil\u00e1&quot; (Arbequina) 50cl - Dealbariza\" \/>\n<meta property=\"og:description\" content=\"Aceite de Oliva Virgen Extra &quot;La Espanil\u00e1&quot; (Arbequina) 50cl  De variedad Arbequina, de categor\u00eda superior obtenido directamente de aceitunas\u00a0 s\u00f3lo mediante procedimientos mec\u00e1nicos. Extracci\u00f3n en fr\u00edo.\" \/>\n<meta property=\"og:url\" content=\"https:\/\/dealbariza.com\/?product=aceite-de-oliva-virgen-extra-la-espanila-arbequina-50cl\" \/>\n<meta property=\"og:site_name\" content=\"Dealbariza\" \/>\n<meta property=\"article:modified_time\" content=\"2023-10-25T16:21:32+00:00\" \/>\n<meta property=\"og:image\" content=\"https:\/\/dealbariza.com\/wp-content\/uploads\/2023\/01\/aceite_de_oliva_virgen_extra_la_espabila_arbequina.jpg\" \/>\n\t<meta property=\"og:image:width\" content=\"1323\" \/>\n\t<meta property=\"og:image:height\" content=\"1323\" \/>\n\t<meta property=\"og:image:type\" content=\"image\/jpeg\" \/>\n<meta name=\"twitter:card\" content=\"summary_large_image\" \/>\n<meta name=\"twitter:label1\" content=\"Tiempo de lectura\" \/>\n\t<meta name=\"twitter:data1\" content=\"1 minuto\" \/>\n<script type=\"application\/ld+json\" class=\"yoast-schema-graph\">{\"@context\":\"https:\\\/\\\/schema.org\",\"@graph\":[{\"@type\":\"WebPage\",\"@id\":\"https:\\\/\\\/dealbariza.com\\\/?product=aceite-de-oliva-virgen-extra-la-espanila-arbequina-50cl\",\"url\":\"https:\\\/\\\/dealbariza.com\\\/?product=aceite-de-oliva-virgen-extra-la-espanila-arbequina-50cl\",\"name\":\"Aceite de Oliva Virgen Extra \\\"La Espanil\u00e1\\\" (Arbequina) 50cl - Dealbariza\",\"isPartOf\":{\"@id\":\"https:\\\/\\\/dealbariza.com\\\/#website\"},\"primaryImageOfPage\":{\"@id\":\"https:\\\/\\\/dealbariza.com\\\/?product=aceite-de-oliva-virgen-extra-la-espanila-arbequina-50cl#primaryimage\"},\"image\":{\"@id\":\"https:\\\/\\\/dealbariza.com\\\/?product=aceite-de-oliva-virgen-extra-la-espanila-arbequina-50cl#primaryimage\"},\"thumbnailUrl\":\"https:\\\/\\\/dealbariza.com\\\/wp-content\\\/uploads\\\/2023\\\/01\\\/aceite_de_oliva_virgen_extra_la_espabila_arbequina.jpg\",\"datePublished\":\"2023-01-20T11:01:51+00:00\",\"dateModified\":\"2023-10-25T16:21:32+00:00\",\"breadcrumb\":{\"@id\":\"https:\\\/\\\/dealbariza.com\\\/?product=aceite-de-oliva-virgen-extra-la-espanila-arbequina-50cl#breadcrumb\"},\"inLanguage\":\"es\",\"potentialAction\":[{\"@type\":\"ReadAction\",\"target\":[\"https:\\\/\\\/dealbariza.com\\\/?product=aceite-de-oliva-virgen-extra-la-espanila-arbequina-50cl\"]}]},{\"@type\":\"ImageObject\",\"inLanguage\":\"es\",\"@id\":\"https:\\\/\\\/dealbariza.com\\\/?product=aceite-de-oliva-virgen-extra-la-espanila-arbequina-50cl#primaryimage\",\"url\":\"https:\\\/\\\/dealbariza.com\\\/wp-content\\\/uploads\\\/2023\\\/01\\\/aceite_de_oliva_virgen_extra_la_espabila_arbequina.jpg\",\"contentUrl\":\"https:\\\/\\\/dealbariza.com\\\/wp-content\\\/uploads\\\/2023\\\/01\\\/aceite_de_oliva_virgen_extra_la_espabila_arbequina.jpg\",\"width\":1323,\"height\":1323},{\"@type\":\"BreadcrumbList\",\"@id\":\"https:\\\/\\\/dealbariza.com\\\/?product=aceite-de-oliva-virgen-extra-la-espanila-arbequina-50cl#breadcrumb\",\"itemListElement\":[{\"@type\":\"ListItem\",\"position\":1,\"name\":\"Portada\",\"item\":\"https:\\\/\\\/dealbariza.com\\\/\"},{\"@type\":\"ListItem\",\"position\":2,\"name\":\"Inicio\",\"item\":\"https:\\\/\\\/dealbariza.com\\\/\"},{\"@type\":\"ListItem\",\"position\":3,\"name\":\"Aceite de Oliva Virgen Extra &#8220;La Espanil\u00e1&#8221; (Arbequina) 50cl\"}]},{\"@type\":\"WebSite\",\"@id\":\"https:\\\/\\\/dealbariza.com\\\/#website\",\"url\":\"https:\\\/\\\/dealbariza.com\\\/\",\"name\":\"Dealbariza\",\"description\":\"Los mejores productos de Sanl\u00facar de Barrameda y alrededores\",\"potentialAction\":[{\"@type\":\"SearchAction\",\"target\":{\"@type\":\"EntryPoint\",\"urlTemplate\":\"https:\\\/\\\/dealbariza.com\\\/?s={search_term_string}\"},\"query-input\":{\"@type\":\"PropertyValueSpecification\",\"valueRequired\":true,\"valueName\":\"search_term_string\"}}],\"inLanguage\":\"es\"}]}<\/script>\n<!-- \/ Yoast SEO plugin. -->","yoast_head_json":{"title":"Aceite de Oliva Virgen Extra \"La Espanil\u00e1\" (Arbequina) 50cl - Dealbariza","robots":{"index":"index","follow":"follow","max-snippet":"max-snippet:-1","max-image-preview":"max-image-preview:large","max-video-preview":"max-video-preview:-1"},"canonical":"https:\/\/dealbariza.com\/?product=aceite-de-oliva-virgen-extra-la-espanila-arbequina-50cl","og_locale":"es_ES","og_type":"article","og_title":"Aceite de Oliva Virgen Extra \"La Espanil\u00e1\" (Arbequina) 50cl - Dealbariza","og_description":"Aceite de Oliva Virgen Extra \"La Espanil\u00e1\" (Arbequina) 50cl  De variedad Arbequina, de categor\u00eda superior obtenido directamente de aceitunas\u00a0 s\u00f3lo mediante procedimientos mec\u00e1nicos. Extracci\u00f3n en fr\u00edo.","og_url":"https:\/\/dealbariza.com\/?product=aceite-de-oliva-virgen-extra-la-espanila-arbequina-50cl","og_site_name":"Dealbariza","article_modified_time":"2023-10-25T16:21:32+00:00","og_image":[{"width":1323,"height":1323,"url":"https:\/\/dealbariza.com\/wp-content\/uploads\/2023\/01\/aceite_de_oliva_virgen_extra_la_espabila_arbequina.jpg","type":"image\/jpeg"}],"twitter_card":"summary_large_image","twitter_misc":{"Tiempo de lectura":"1 minuto"},"schema":{"@context":"https:\/\/schema.org","@graph":[{"@type":"WebPage","@id":"https:\/\/dealbariza.com\/?product=aceite-de-oliva-virgen-extra-la-espanila-arbequina-50cl","url":"https:\/\/dealbariza.com\/?product=aceite-de-oliva-virgen-extra-la-espanila-arbequina-50cl","name":"Aceite de Oliva Virgen Extra \"La Espanil\u00e1\" (Arbequina) 50cl - Dealbariza","isPartOf":{"@id":"https:\/\/dealbariza.com\/#website"},"primaryImageOfPage":{"@id":"https:\/\/dealbariza.com\/?product=aceite-de-oliva-virgen-extra-la-espanila-arbequina-50cl#primaryimage"},"image":{"@id":"https:\/\/dealbariza.com\/?product=aceite-de-oliva-virgen-extra-la-espanila-arbequina-50cl#primaryimage"},"thumbnailUrl":"https:\/\/dealbariza.com\/wp-content\/uploads\/2023\/01\/aceite_de_oliva_virgen_extra_la_espabila_arbequina.jpg","datePublished":"2023-01-20T11:01:51+00:00","dateModified":"2023-10-25T16:21:32+00:00","breadcrumb":{"@id":"https:\/\/dealbariza.com\/?product=aceite-de-oliva-virgen-extra-la-espanila-arbequina-50cl#breadcrumb"},"inLanguage":"es","potentialAction":[{"@type":"ReadAction","target":["https:\/\/dealbariza.com\/?product=aceite-de-oliva-virgen-extra-la-espanila-arbequina-50cl"]}]},{"@type":"ImageObject","inLanguage":"es","@id":"https:\/\/dealbariza.com\/?product=aceite-de-oliva-virgen-extra-la-espanila-arbequina-50cl#primaryimage","url":"https:\/\/dealbariza.com\/wp-content\/uploads\/2023\/01\/aceite_de_oliva_virgen_extra_la_espabila_arbequina.jpg","contentUrl":"https:\/\/dealbariza.com\/wp-content\/uploads\/2023\/01\/aceite_de_oliva_virgen_extra_la_espabila_arbequina.jpg","width":1323,"height":1323},{"@type":"BreadcrumbList","@id":"https:\/\/dealbariza.com\/?product=aceite-de-oliva-virgen-extra-la-espanila-arbequina-50cl#breadcrumb","itemListElement":[{"@type":"ListItem","position":1,"name":"Portada","item":"https:\/\/dealbariza.com\/"},{"@type":"ListItem","position":2,"name":"Inicio","item":"https:\/\/dealbariza.com\/"},{"@type":"ListItem","position":3,"name":"Aceite de Oliva Virgen Extra &#8220;La Espanil\u00e1&#8221; (Arbequina) 50cl"}]},{"@type":"WebSite","@id":"https:\/\/dealbariza.com\/#website","url":"https:\/\/dealbariza.com\/","name":"Dealbariza","description":"Los mejores productos de Sanl\u00facar de Barrameda y alrededores","potentialAction":[{"@type":"SearchAction","target":{"@type":"EntryPoint","urlTemplate":"https:\/\/dealbariza.com\/?s={search_term_string}"},"query-input":{"@type":"PropertyValueSpecification","valueRequired":true,"valueName":"search_term_string"}}],"inLanguage":"es"}]}},"_links":{"self":[{"href":"https:\/\/dealbariza.com\/index.php?rest_route=\/wp\/v2\/product\/1494","targetHints":{"allow":["GET"]}}],"collection":[{"href":"https:\/\/dealbariza.com\/index.php?rest_route=\/wp\/v2\/product"}],"about":[{"href":"https:\/\/dealbariza.com\/index.php?rest_route=\/wp\/v2\/types\/product"}],"replies":[{"embeddable":true,"href":"https:\/\/dealbariza.com\/index.php?rest_route=%2Fwp%2Fv2%2Fcomments&post=1494"}],"wp:featuredmedia":[{"embeddable":true,"href":"https:\/\/dealbariza.com\/index.php?rest_route=\/wp\/v2\/media\/1496"}],"wp:attachment":[{"href":"https:\/\/dealbariza.com\/index.php?rest_route=%2Fwp%2Fv2%2Fmedia&parent=1494"}],"wp:term":[{"taxonomy":"product_brand","embeddable":true,"href":"https:\/\/dealbariza.com\/index.php?rest_route=%2Fwp%2Fv2%2Fproduct_brand&post=1494"},{"taxonomy":"product_cat","embeddable":true,"href":"https:\/\/dealbariza.com\/index.php?rest_route=%2Fwp%2Fv2%2Fproduct_cat&post=1494"},{"taxonomy":"product_tag","embeddable":true,"href":"https:\/\/dealbariza.com\/index.php?rest_route=%2Fwp%2Fv2%2Fproduct_tag&post=1494"}],"curies":[{"name":"wp","href":"https:\/\/api.w.org\/{rel}","templated":true}]}}