{"id":1279,"date":"2021-03-22T10:01:55","date_gmt":"2021-03-22T10:01:55","guid":{"rendered":"https:\/\/dealbariza.com\/?post_type=product&#038;p=1279"},"modified":"2024-09-09T11:24:06","modified_gmt":"2024-09-09T11:24:06","slug":"garbanzos-con-acelgas-320g","status":"publish","type":"product","link":"https:\/\/dealbariza.com\/?product=garbanzos-con-acelgas-320g","title":{"rendered":"Garbanzos con acelgas 320g"},"content":{"rendered":"<p>Garbanzos con acelgas 320g<\/p>\n<p>La cocina de Sanl\u00facar nos presenta un exquisito guiso tradicional elaborado, s\u00f3lo con los mejores ingredientes naturales, a la antigua usanza.<\/p>\n<p>Los garbanzos tiernos y mantecosos, pertenecientes a una variedad andaluza de calidad excepcional, se complementan en perfecta armon\u00eda con las acelgas y otras verduras procedentes de las ricas huertas sanluque\u00f1as, de fondo destaca un toque de especias que le proporciona una personalidad propia y \u00fanica.<\/p>\n<div id=\"sgmbShare1-1\" class=\"sgmbShare jssocials-theme-classic sgmbWidget1-1\"><\/div><div class=\"dropdownWrapper dropdownWrapper1 dropdownWrapper-for-widget \" id=\"dropdownWrapper-for-widget\">\r\n\t\t\t\t\t\t<div class=\"dropdownLabel\" id=\"dropdownLabel-share-list\"><span class=\"sgmbButtonListLabel1\">Share List<\/span><\/div>\r\n\t\t\t\t\t\t<div class=\"dropdownPanel dropdownPanel1-1\">\r\n\t\t\t\t\t\t<\/div>\r\n\t\t\t\t\t<\/div><script>  SGMB_URL = \"https:\/\/dealbariza.com\/wp-content\/plugins\/social-media-builder\/\"; jQuery(\".dropdownWrapper\").hide(); SGMB_GOOGLE_ACOUNT = \"\"; <\/script><script type=\"text\/javascript\">\r\n\t\tjQuery(document).ready(function($){var widget = new SGMBWidget();widget.show({\"id\":\"1\",\"title\":\"Redes sociales\",\"options\":{\"currentUrl\":\"1\",\"url\":\"\",\"shareText\":\"\",\"fontSize\":\"14\",\"betweenButtons\":\"1px\",\"theme\":\"classic\",\"buttonsPosition\":\"\",\"socialTheme\":\"\",\"icon\":\"default\",\"buttonsPanelEffect\":\"No Effect\",\"buttonsEffect\":\"No Effect\",\"iconsEffect\":\"No Effect\",\"buttons\":\"{\\\"facebook\\\":{\\\"label\\\":\\\"Share\\\",\\\"icon\\\":\\\"default-facebook\\\"},\\\"twitter\\\":{\\\"label\\\":\\\"Tweet\\\",\\\"icon\\\":\\\"default-twitter\\\",\\\"via\\\":\\\"\\\",\\\"hashtags\\\":\\\"\\\"},\\\"googleplus\\\":{\\\"label\\\":\\\"+1\\\",\\\"icon\\\":\\\"default-googleplus\\\"},\\\"linkedin\\\":{\\\"label\\\":\\\"Share\\\",\\\"icon\\\":\\\"default-linkedin\\\"}}\",\"roundButton\":\"\",\"showLabels\":\"on\",\"showCounts\":\"\",\"showCenter\":\"\",\"showButtonsAsList\":\"\",\"setButtonsPosition\":\"\",\"sgmbDropdownColor\":\"\",\"sgmbDropdownLabelFontSize\":\"14\",\"sgmbDropdownLabelColor\":\"\",\"showButtonsOnEveryPost\":\"\",\"showOnAllPost\":\"\",\"sgmbPostionOnEveryPost\":\"Left\",\"textOnEveryPost\":\"\",\"showButtonsOnMobileDirect\":\"on\"},\"buttonOptions\":{\"facebook\":{\"label\":\"Share\",\"icon\":\"default-facebook\"},\"twitter\":{\"label\":\"Tweet\",\"icon\":\"default-twitter\",\"via\":\"\",\"hashtags\":\"\"},\"googleplus\":{\"label\":\"+1\",\"icon\":\"default-googleplus\"},\"linkedin\":{\"label\":\"Share\",\"icon\":\"default-linkedin\"}},\"button\":[\"facebook\",\"twitter\",\"googleplus\",\"linkedin\"]}, 1, '', 'https:\/\/dealbariza.com\/wp-content\/uploads\/2021\/03\/garbanzos_con_acelgas_320g.jpg', '', 'https:\/\/dealbariza.com\/?product=garbanzos-con-acelgas-320g'); });<\/script>\n<p>Aqu\u00ed puede comprar Garbanzos con acelgas 320g<\/p>\n","protected":false},"excerpt":{"rendered":"<p>Garbanzos con acelgas 320g<\/p>\n<p>La cocina de Sanl\u00facar nos presenta un exquisito guiso tradicional elaborado, s\u00f3lo con los mejores ingredientes naturales, a la antigua usanza.<\/p>\n<p>Los garbanzos tiernos y mantecosos, pertenecientes a una variedad andaluza de calidad excepcional, se complementan en perfecta armon\u00eda con las acelgas y otras verduras procedentes de las ricas huertas sanluque\u00f1as, de fondo destaca un toque de especias que le proporciona una personalidad propia y \u00fanica.<\/p>\n[sgmb id=\"1\"]\n","protected":false},"featured_media":1280,"comment_status":"open","ping_status":"closed","template":"","meta":{"nf_dc_page":"","_monsterinsights_skip_tracking":false,"_monsterinsights_sitenote_active":false,"_monsterinsights_sitenote_note":"","_monsterinsights_sitenote_category":0},"product_brand":[],"product_cat":[19],"product_tag":[332],"class_list":{"0":"post-1279","1":"product","2":"type-product","3":"status-publish","4":"has-post-thumbnail","6":"product_cat-conservas","7":"product_tag-la-cocina-de-sanlucar","9":"first","10":"outofstock","11":"taxable","12":"shipping-taxable","13":"purchasable","14":"product-type-simple"},"yoast_head":"<!-- This site is optimized with the Yoast SEO plugin v27.6 - https:\/\/yoast.com\/product\/yoast-seo-wordpress\/ -->\n<title>Garbanzos con acelgas 320g - Dealbariza<\/title>\n<meta name=\"robots\" content=\"index, follow, max-snippet:-1, max-image-preview:large, max-video-preview:-1\" \/>\n<link rel=\"canonical\" href=\"https:\/\/dealbariza.com\/?product=garbanzos-con-acelgas-320g\" \/>\n<meta property=\"og:locale\" content=\"es_ES\" \/>\n<meta property=\"og:type\" content=\"article\" \/>\n<meta property=\"og:title\" content=\"Garbanzos con acelgas 320g - Dealbariza\" \/>\n<meta property=\"og:description\" content=\"Garbanzos con acelgas 320g  La cocina de Sanl\u00facar nos presenta un exquisito guiso tradicional elaborado, s\u00f3lo con los mejores ingredientes naturales, a la antigua usanza.  Los garbanzos tiernos y mantecosos, pertenecientes a una variedad andaluza de calidad excepcional, se complementan en perfecta armon\u00eda con las acelgas y otras verduras procedentes de las ricas huertas sanluque\u00f1as, de fondo destaca un toque de especias que le proporciona una personalidad propia y \u00fanica.\" \/>\n<meta property=\"og:url\" content=\"https:\/\/dealbariza.com\/?product=garbanzos-con-acelgas-320g\" \/>\n<meta property=\"og:site_name\" content=\"Dealbariza\" \/>\n<meta property=\"article:modified_time\" content=\"2024-09-09T11:24:06+00:00\" \/>\n<meta property=\"og:image\" content=\"https:\/\/dealbariza.com\/wp-content\/uploads\/2021\/03\/garbanzos_con_acelgas_320g.jpg\" \/>\n\t<meta property=\"og:image:width\" content=\"1865\" \/>\n\t<meta property=\"og:image:height\" content=\"1865\" \/>\n\t<meta property=\"og:image:type\" content=\"image\/jpeg\" \/>\n<meta name=\"twitter:card\" content=\"summary_large_image\" \/>\n<script type=\"application\/ld+json\" class=\"yoast-schema-graph\">{\"@context\":\"https:\\\/\\\/schema.org\",\"@graph\":[{\"@type\":\"WebPage\",\"@id\":\"https:\\\/\\\/dealbariza.com\\\/?product=garbanzos-con-acelgas-320g\",\"url\":\"https:\\\/\\\/dealbariza.com\\\/?product=garbanzos-con-acelgas-320g\",\"name\":\"Garbanzos con acelgas 320g - Dealbariza\",\"isPartOf\":{\"@id\":\"https:\\\/\\\/dealbariza.com\\\/#website\"},\"primaryImageOfPage\":{\"@id\":\"https:\\\/\\\/dealbariza.com\\\/?product=garbanzos-con-acelgas-320g#primaryimage\"},\"image\":{\"@id\":\"https:\\\/\\\/dealbariza.com\\\/?product=garbanzos-con-acelgas-320g#primaryimage\"},\"thumbnailUrl\":\"https:\\\/\\\/dealbariza.com\\\/wp-content\\\/uploads\\\/2021\\\/03\\\/garbanzos_con_acelgas_320g.jpg\",\"datePublished\":\"2021-03-22T10:01:55+00:00\",\"dateModified\":\"2024-09-09T11:24:06+00:00\",\"breadcrumb\":{\"@id\":\"https:\\\/\\\/dealbariza.com\\\/?product=garbanzos-con-acelgas-320g#breadcrumb\"},\"inLanguage\":\"es\",\"potentialAction\":[{\"@type\":\"ReadAction\",\"target\":[\"https:\\\/\\\/dealbariza.com\\\/?product=garbanzos-con-acelgas-320g\"]}]},{\"@type\":\"ImageObject\",\"inLanguage\":\"es\",\"@id\":\"https:\\\/\\\/dealbariza.com\\\/?product=garbanzos-con-acelgas-320g#primaryimage\",\"url\":\"https:\\\/\\\/dealbariza.com\\\/wp-content\\\/uploads\\\/2021\\\/03\\\/garbanzos_con_acelgas_320g.jpg\",\"contentUrl\":\"https:\\\/\\\/dealbariza.com\\\/wp-content\\\/uploads\\\/2021\\\/03\\\/garbanzos_con_acelgas_320g.jpg\",\"width\":1865,\"height\":1865},{\"@type\":\"BreadcrumbList\",\"@id\":\"https:\\\/\\\/dealbariza.com\\\/?product=garbanzos-con-acelgas-320g#breadcrumb\",\"itemListElement\":[{\"@type\":\"ListItem\",\"position\":1,\"name\":\"Portada\",\"item\":\"https:\\\/\\\/dealbariza.com\\\/\"},{\"@type\":\"ListItem\",\"position\":2,\"name\":\"Inicio\",\"item\":\"https:\\\/\\\/dealbariza.com\\\/\"},{\"@type\":\"ListItem\",\"position\":3,\"name\":\"Garbanzos con acelgas 320g\"}]},{\"@type\":\"WebSite\",\"@id\":\"https:\\\/\\\/dealbariza.com\\\/#website\",\"url\":\"https:\\\/\\\/dealbariza.com\\\/\",\"name\":\"Dealbariza\",\"description\":\"Los mejores productos de Sanl\u00facar de Barrameda y alrededores\",\"potentialAction\":[{\"@type\":\"SearchAction\",\"target\":{\"@type\":\"EntryPoint\",\"urlTemplate\":\"https:\\\/\\\/dealbariza.com\\\/?s={search_term_string}\"},\"query-input\":{\"@type\":\"PropertyValueSpecification\",\"valueRequired\":true,\"valueName\":\"search_term_string\"}}],\"inLanguage\":\"es\"}]}<\/script>\n<!-- \/ Yoast SEO plugin. -->","yoast_head_json":{"title":"Garbanzos con acelgas 320g - Dealbariza","robots":{"index":"index","follow":"follow","max-snippet":"max-snippet:-1","max-image-preview":"max-image-preview:large","max-video-preview":"max-video-preview:-1"},"canonical":"https:\/\/dealbariza.com\/?product=garbanzos-con-acelgas-320g","og_locale":"es_ES","og_type":"article","og_title":"Garbanzos con acelgas 320g - Dealbariza","og_description":"Garbanzos con acelgas 320g  La cocina de Sanl\u00facar nos presenta un exquisito guiso tradicional elaborado, s\u00f3lo con los mejores ingredientes naturales, a la antigua usanza.  Los garbanzos tiernos y mantecosos, pertenecientes a una variedad andaluza de calidad excepcional, se complementan en perfecta armon\u00eda con las acelgas y otras verduras procedentes de las ricas huertas sanluque\u00f1as, de fondo destaca un toque de especias que le proporciona una personalidad propia y \u00fanica.","og_url":"https:\/\/dealbariza.com\/?product=garbanzos-con-acelgas-320g","og_site_name":"Dealbariza","article_modified_time":"2024-09-09T11:24:06+00:00","og_image":[{"width":1865,"height":1865,"url":"https:\/\/dealbariza.com\/wp-content\/uploads\/2021\/03\/garbanzos_con_acelgas_320g.jpg","type":"image\/jpeg"}],"twitter_card":"summary_large_image","schema":{"@context":"https:\/\/schema.org","@graph":[{"@type":"WebPage","@id":"https:\/\/dealbariza.com\/?product=garbanzos-con-acelgas-320g","url":"https:\/\/dealbariza.com\/?product=garbanzos-con-acelgas-320g","name":"Garbanzos con acelgas 320g - Dealbariza","isPartOf":{"@id":"https:\/\/dealbariza.com\/#website"},"primaryImageOfPage":{"@id":"https:\/\/dealbariza.com\/?product=garbanzos-con-acelgas-320g#primaryimage"},"image":{"@id":"https:\/\/dealbariza.com\/?product=garbanzos-con-acelgas-320g#primaryimage"},"thumbnailUrl":"https:\/\/dealbariza.com\/wp-content\/uploads\/2021\/03\/garbanzos_con_acelgas_320g.jpg","datePublished":"2021-03-22T10:01:55+00:00","dateModified":"2024-09-09T11:24:06+00:00","breadcrumb":{"@id":"https:\/\/dealbariza.com\/?product=garbanzos-con-acelgas-320g#breadcrumb"},"inLanguage":"es","potentialAction":[{"@type":"ReadAction","target":["https:\/\/dealbariza.com\/?product=garbanzos-con-acelgas-320g"]}]},{"@type":"ImageObject","inLanguage":"es","@id":"https:\/\/dealbariza.com\/?product=garbanzos-con-acelgas-320g#primaryimage","url":"https:\/\/dealbariza.com\/wp-content\/uploads\/2021\/03\/garbanzos_con_acelgas_320g.jpg","contentUrl":"https:\/\/dealbariza.com\/wp-content\/uploads\/2021\/03\/garbanzos_con_acelgas_320g.jpg","width":1865,"height":1865},{"@type":"BreadcrumbList","@id":"https:\/\/dealbariza.com\/?product=garbanzos-con-acelgas-320g#breadcrumb","itemListElement":[{"@type":"ListItem","position":1,"name":"Portada","item":"https:\/\/dealbariza.com\/"},{"@type":"ListItem","position":2,"name":"Inicio","item":"https:\/\/dealbariza.com\/"},{"@type":"ListItem","position":3,"name":"Garbanzos con acelgas 320g"}]},{"@type":"WebSite","@id":"https:\/\/dealbariza.com\/#website","url":"https:\/\/dealbariza.com\/","name":"Dealbariza","description":"Los mejores productos de Sanl\u00facar de Barrameda y alrededores","potentialAction":[{"@type":"SearchAction","target":{"@type":"EntryPoint","urlTemplate":"https:\/\/dealbariza.com\/?s={search_term_string}"},"query-input":{"@type":"PropertyValueSpecification","valueRequired":true,"valueName":"search_term_string"}}],"inLanguage":"es"}]}},"_links":{"self":[{"href":"https:\/\/dealbariza.com\/index.php?rest_route=\/wp\/v2\/product\/1279","targetHints":{"allow":["GET"]}}],"collection":[{"href":"https:\/\/dealbariza.com\/index.php?rest_route=\/wp\/v2\/product"}],"about":[{"href":"https:\/\/dealbariza.com\/index.php?rest_route=\/wp\/v2\/types\/product"}],"replies":[{"embeddable":true,"href":"https:\/\/dealbariza.com\/index.php?rest_route=%2Fwp%2Fv2%2Fcomments&post=1279"}],"wp:featuredmedia":[{"embeddable":true,"href":"https:\/\/dealbariza.com\/index.php?rest_route=\/wp\/v2\/media\/1280"}],"wp:attachment":[{"href":"https:\/\/dealbariza.com\/index.php?rest_route=%2Fwp%2Fv2%2Fmedia&parent=1279"}],"wp:term":[{"taxonomy":"product_brand","embeddable":true,"href":"https:\/\/dealbariza.com\/index.php?rest_route=%2Fwp%2Fv2%2Fproduct_brand&post=1279"},{"taxonomy":"product_cat","embeddable":true,"href":"https:\/\/dealbariza.com\/index.php?rest_route=%2Fwp%2Fv2%2Fproduct_cat&post=1279"},{"taxonomy":"product_tag","embeddable":true,"href":"https:\/\/dealbariza.com\/index.php?rest_route=%2Fwp%2Fv2%2Fproduct_tag&post=1279"}],"curies":[{"name":"wp","href":"https:\/\/api.w.org\/{rel}","templated":true}]}}