{"id":1230,"date":"2020-11-12T12:29:46","date_gmt":"2020-11-12T12:29:46","guid":{"rendered":"https:\/\/dealbariza.com\/?post_type=product&#038;p=1230"},"modified":"2021-12-14T18:26:46","modified_gmt":"2021-12-14T18:26:46","slug":"pack-ginebra-luciferi-caja-madera","status":"publish","type":"product","link":"https:\/\/dealbariza.com\/?product=pack-ginebra-luciferi-caja-madera","title":{"rendered":"Pack Ginebra Luciferi Caja Madera"},"content":{"rendered":"<p>Pack Ginebra Luciferi Caja Madera<\/p>\n<p>Lujoso estuche de madera elaborado por la destiler\u00eda Weisshorn de Sal\u00fancar de Barrameda compuesto por:<\/p>\n<ul>\n<li>&#8211; Luciferi Do\u00f1ada Gin Premium 70cl. 40% vol.<\/li>\n<li>&#8211; Luciferi Craft Gin 50cl. 39% vol.<\/li>\n<li>&#8211; Luciferi Do\u00f1ana Gin Reserva 70cl. 40% vol.<\/li>\n<\/ul>\n<p>&nbsp;<\/p>\n<div id=\"sgmbShare1-1\" class=\"sgmbShare jssocials-theme-classic sgmbWidget1-1\"><\/div><div class=\"dropdownWrapper dropdownWrapper1 dropdownWrapper-for-widget \" id=\"dropdownWrapper-for-widget\">\r\n\t\t\t\t\t\t<div class=\"dropdownLabel\" id=\"dropdownLabel-share-list\"><span class=\"sgmbButtonListLabel1\">Share List<\/span><\/div>\r\n\t\t\t\t\t\t<div class=\"dropdownPanel dropdownPanel1-1\">\r\n\t\t\t\t\t\t<\/div>\r\n\t\t\t\t\t<\/div><script>  SGMB_URL = \"https:\/\/dealbariza.com\/wp-content\/plugins\/social-media-builder\/\"; jQuery(\".dropdownWrapper\").hide(); SGMB_GOOGLE_ACOUNT = \"\"; <\/script><script type=\"text\/javascript\">\r\n\t\tjQuery(document).ready(function($){var widget = new SGMBWidget();widget.show({\"id\":\"1\",\"title\":\"Redes sociales\",\"options\":{\"currentUrl\":\"1\",\"url\":\"\",\"shareText\":\"\",\"fontSize\":\"14\",\"betweenButtons\":\"1px\",\"theme\":\"classic\",\"buttonsPosition\":\"\",\"socialTheme\":\"\",\"icon\":\"default\",\"buttonsPanelEffect\":\"No Effect\",\"buttonsEffect\":\"No Effect\",\"iconsEffect\":\"No Effect\",\"buttons\":\"{\\\"facebook\\\":{\\\"label\\\":\\\"Share\\\",\\\"icon\\\":\\\"default-facebook\\\"},\\\"twitter\\\":{\\\"label\\\":\\\"Tweet\\\",\\\"icon\\\":\\\"default-twitter\\\",\\\"via\\\":\\\"\\\",\\\"hashtags\\\":\\\"\\\"},\\\"googleplus\\\":{\\\"label\\\":\\\"+1\\\",\\\"icon\\\":\\\"default-googleplus\\\"},\\\"linkedin\\\":{\\\"label\\\":\\\"Share\\\",\\\"icon\\\":\\\"default-linkedin\\\"}}\",\"roundButton\":\"\",\"showLabels\":\"on\",\"showCounts\":\"\",\"showCenter\":\"\",\"showButtonsAsList\":\"\",\"setButtonsPosition\":\"\",\"sgmbDropdownColor\":\"\",\"sgmbDropdownLabelFontSize\":\"14\",\"sgmbDropdownLabelColor\":\"\",\"showButtonsOnEveryPost\":\"\",\"showOnAllPost\":\"\",\"sgmbPostionOnEveryPost\":\"Left\",\"textOnEveryPost\":\"\",\"showButtonsOnMobileDirect\":\"on\"},\"buttonOptions\":{\"facebook\":{\"label\":\"Share\",\"icon\":\"default-facebook\"},\"twitter\":{\"label\":\"Tweet\",\"icon\":\"default-twitter\",\"via\":\"\",\"hashtags\":\"\"},\"googleplus\":{\"label\":\"+1\",\"icon\":\"default-googleplus\"},\"linkedin\":{\"label\":\"Share\",\"icon\":\"default-linkedin\"}},\"button\":[\"facebook\",\"twitter\",\"googleplus\",\"linkedin\"]}, 1, '', 'https:\/\/dealbariza.com\/wp-content\/uploads\/2020\/11\/Pack-Ginebra-Luciferi-Caja-Madera.jpg', '', 'https:\/\/dealbariza.com\/?product=pack-ginebra-luciferi-caja-madera'); });<\/script>\n","protected":false},"excerpt":{"rendered":"<p>Pack Ginebra Luciferi Caja Madera<\/p>\n<p>Lujoso estuche de madera elaborado por la destiler\u00eda Weisshorn de Sal\u00fancar de Barrameda compuesto por:<\/p>\n<ul>\n<li>&#8211; Luciferi Do\u00f1ada Gin Premium 70cl. 40% vol.<\/li>\n<li>&#8211; Luciferi Craft Gin 50cl. 39% vol.<\/li>\n<li>&#8211; Luciferi Do\u00f1ana Gin Reserva 70cl. 40% vol.<\/li>\n<\/ul>\n[sgmb id=\"1\"]\n","protected":false},"featured_media":1232,"comment_status":"open","ping_status":"closed","template":"","meta":{"nf_dc_page":"","_monsterinsights_skip_tracking":false,"_monsterinsights_sitenote_active":false,"_monsterinsights_sitenote_note":"","_monsterinsights_sitenote_category":0},"product_brand":[],"product_cat":[297,279],"product_tag":[331,131,49,173],"class_list":{"0":"post-1230","1":"product","2":"type-product","3":"status-publish","4":"has-post-thumbnail","6":"product_cat-gin","7":"product_cat-packs-gourmet","8":"product_tag-destileria-weisshorn","9":"product_tag-gin","10":"product_tag-ginebra","11":"product_tag-luciferi","13":"first","14":"outofstock","15":"taxable","16":"shipping-taxable","17":"purchasable","18":"product-type-simple"},"yoast_head":"<!-- This site is optimized with the Yoast SEO plugin v27.6 - https:\/\/yoast.com\/product\/yoast-seo-wordpress\/ -->\n<title>Pack Ginebra Luciferi Caja Madera - Dealbariza<\/title>\n<meta name=\"robots\" content=\"index, follow, max-snippet:-1, max-image-preview:large, max-video-preview:-1\" \/>\n<link rel=\"canonical\" href=\"https:\/\/dealbariza.com\/?product=pack-ginebra-luciferi-caja-madera\" \/>\n<meta property=\"og:locale\" content=\"es_ES\" \/>\n<meta property=\"og:type\" content=\"article\" \/>\n<meta property=\"og:title\" content=\"Pack Ginebra Luciferi Caja Madera - Dealbariza\" \/>\n<meta property=\"og:description\" content=\"Pack Ginebra Luciferi Caja Madera  Lujoso estuche de madera elaborado por la destiler\u00eda Weisshorn de Sal\u00fancar de Barrameda compuesto por:   - Luciferi Do\u00f1ada Gin Premium 70cl. 40% vol.  - Luciferi Craft Gin 50cl. 39% vol.  - Luciferi Do\u00f1ana Gin Reserva 70cl. 40% vol.\" \/>\n<meta property=\"og:url\" content=\"https:\/\/dealbariza.com\/?product=pack-ginebra-luciferi-caja-madera\" \/>\n<meta property=\"og:site_name\" content=\"Dealbariza\" \/>\n<meta property=\"article:modified_time\" content=\"2021-12-14T18:26:46+00:00\" \/>\n<meta property=\"og:image\" content=\"https:\/\/dealbariza.com\/wp-content\/uploads\/2020\/11\/Pack-Ginebra-Luciferi-Caja-Madera.jpg\" \/>\n\t<meta property=\"og:image:width\" content=\"960\" \/>\n\t<meta property=\"og:image:height\" content=\"960\" \/>\n\t<meta property=\"og:image:type\" content=\"image\/jpeg\" \/>\n<meta name=\"twitter:card\" content=\"summary_large_image\" \/>\n<script type=\"application\/ld+json\" class=\"yoast-schema-graph\">{\"@context\":\"https:\\\/\\\/schema.org\",\"@graph\":[{\"@type\":\"WebPage\",\"@id\":\"https:\\\/\\\/dealbariza.com\\\/?product=pack-ginebra-luciferi-caja-madera\",\"url\":\"https:\\\/\\\/dealbariza.com\\\/?product=pack-ginebra-luciferi-caja-madera\",\"name\":\"Pack Ginebra Luciferi Caja Madera - Dealbariza\",\"isPartOf\":{\"@id\":\"https:\\\/\\\/dealbariza.com\\\/#website\"},\"primaryImageOfPage\":{\"@id\":\"https:\\\/\\\/dealbariza.com\\\/?product=pack-ginebra-luciferi-caja-madera#primaryimage\"},\"image\":{\"@id\":\"https:\\\/\\\/dealbariza.com\\\/?product=pack-ginebra-luciferi-caja-madera#primaryimage\"},\"thumbnailUrl\":\"https:\\\/\\\/dealbariza.com\\\/wp-content\\\/uploads\\\/2020\\\/11\\\/Pack-Ginebra-Luciferi-Caja-Madera.jpg\",\"datePublished\":\"2020-11-12T12:29:46+00:00\",\"dateModified\":\"2021-12-14T18:26:46+00:00\",\"breadcrumb\":{\"@id\":\"https:\\\/\\\/dealbariza.com\\\/?product=pack-ginebra-luciferi-caja-madera#breadcrumb\"},\"inLanguage\":\"es\",\"potentialAction\":[{\"@type\":\"ReadAction\",\"target\":[\"https:\\\/\\\/dealbariza.com\\\/?product=pack-ginebra-luciferi-caja-madera\"]}]},{\"@type\":\"ImageObject\",\"inLanguage\":\"es\",\"@id\":\"https:\\\/\\\/dealbariza.com\\\/?product=pack-ginebra-luciferi-caja-madera#primaryimage\",\"url\":\"https:\\\/\\\/dealbariza.com\\\/wp-content\\\/uploads\\\/2020\\\/11\\\/Pack-Ginebra-Luciferi-Caja-Madera.jpg\",\"contentUrl\":\"https:\\\/\\\/dealbariza.com\\\/wp-content\\\/uploads\\\/2020\\\/11\\\/Pack-Ginebra-Luciferi-Caja-Madera.jpg\",\"width\":960,\"height\":960},{\"@type\":\"BreadcrumbList\",\"@id\":\"https:\\\/\\\/dealbariza.com\\\/?product=pack-ginebra-luciferi-caja-madera#breadcrumb\",\"itemListElement\":[{\"@type\":\"ListItem\",\"position\":1,\"name\":\"Portada\",\"item\":\"https:\\\/\\\/dealbariza.com\\\/\"},{\"@type\":\"ListItem\",\"position\":2,\"name\":\"Inicio\",\"item\":\"https:\\\/\\\/dealbariza.com\\\/\"},{\"@type\":\"ListItem\",\"position\":3,\"name\":\"Pack Ginebra Luciferi Caja Madera\"}]},{\"@type\":\"WebSite\",\"@id\":\"https:\\\/\\\/dealbariza.com\\\/#website\",\"url\":\"https:\\\/\\\/dealbariza.com\\\/\",\"name\":\"Dealbariza\",\"description\":\"Los mejores productos de Sanl\u00facar de Barrameda y alrededores\",\"potentialAction\":[{\"@type\":\"SearchAction\",\"target\":{\"@type\":\"EntryPoint\",\"urlTemplate\":\"https:\\\/\\\/dealbariza.com\\\/?s={search_term_string}\"},\"query-input\":{\"@type\":\"PropertyValueSpecification\",\"valueRequired\":true,\"valueName\":\"search_term_string\"}}],\"inLanguage\":\"es\"}]}<\/script>\n<!-- \/ Yoast SEO plugin. -->","yoast_head_json":{"title":"Pack Ginebra Luciferi Caja Madera - Dealbariza","robots":{"index":"index","follow":"follow","max-snippet":"max-snippet:-1","max-image-preview":"max-image-preview:large","max-video-preview":"max-video-preview:-1"},"canonical":"https:\/\/dealbariza.com\/?product=pack-ginebra-luciferi-caja-madera","og_locale":"es_ES","og_type":"article","og_title":"Pack Ginebra Luciferi Caja Madera - Dealbariza","og_description":"Pack Ginebra Luciferi Caja Madera  Lujoso estuche de madera elaborado por la destiler\u00eda Weisshorn de Sal\u00fancar de Barrameda compuesto por:   - Luciferi Do\u00f1ada Gin Premium 70cl. 40% vol.  - Luciferi Craft Gin 50cl. 39% vol.  - Luciferi Do\u00f1ana Gin Reserva 70cl. 40% vol.","og_url":"https:\/\/dealbariza.com\/?product=pack-ginebra-luciferi-caja-madera","og_site_name":"Dealbariza","article_modified_time":"2021-12-14T18:26:46+00:00","og_image":[{"width":960,"height":960,"url":"https:\/\/dealbariza.com\/wp-content\/uploads\/2020\/11\/Pack-Ginebra-Luciferi-Caja-Madera.jpg","type":"image\/jpeg"}],"twitter_card":"summary_large_image","schema":{"@context":"https:\/\/schema.org","@graph":[{"@type":"WebPage","@id":"https:\/\/dealbariza.com\/?product=pack-ginebra-luciferi-caja-madera","url":"https:\/\/dealbariza.com\/?product=pack-ginebra-luciferi-caja-madera","name":"Pack Ginebra Luciferi Caja Madera - Dealbariza","isPartOf":{"@id":"https:\/\/dealbariza.com\/#website"},"primaryImageOfPage":{"@id":"https:\/\/dealbariza.com\/?product=pack-ginebra-luciferi-caja-madera#primaryimage"},"image":{"@id":"https:\/\/dealbariza.com\/?product=pack-ginebra-luciferi-caja-madera#primaryimage"},"thumbnailUrl":"https:\/\/dealbariza.com\/wp-content\/uploads\/2020\/11\/Pack-Ginebra-Luciferi-Caja-Madera.jpg","datePublished":"2020-11-12T12:29:46+00:00","dateModified":"2021-12-14T18:26:46+00:00","breadcrumb":{"@id":"https:\/\/dealbariza.com\/?product=pack-ginebra-luciferi-caja-madera#breadcrumb"},"inLanguage":"es","potentialAction":[{"@type":"ReadAction","target":["https:\/\/dealbariza.com\/?product=pack-ginebra-luciferi-caja-madera"]}]},{"@type":"ImageObject","inLanguage":"es","@id":"https:\/\/dealbariza.com\/?product=pack-ginebra-luciferi-caja-madera#primaryimage","url":"https:\/\/dealbariza.com\/wp-content\/uploads\/2020\/11\/Pack-Ginebra-Luciferi-Caja-Madera.jpg","contentUrl":"https:\/\/dealbariza.com\/wp-content\/uploads\/2020\/11\/Pack-Ginebra-Luciferi-Caja-Madera.jpg","width":960,"height":960},{"@type":"BreadcrumbList","@id":"https:\/\/dealbariza.com\/?product=pack-ginebra-luciferi-caja-madera#breadcrumb","itemListElement":[{"@type":"ListItem","position":1,"name":"Portada","item":"https:\/\/dealbariza.com\/"},{"@type":"ListItem","position":2,"name":"Inicio","item":"https:\/\/dealbariza.com\/"},{"@type":"ListItem","position":3,"name":"Pack Ginebra Luciferi Caja Madera"}]},{"@type":"WebSite","@id":"https:\/\/dealbariza.com\/#website","url":"https:\/\/dealbariza.com\/","name":"Dealbariza","description":"Los mejores productos de Sanl\u00facar de Barrameda y alrededores","potentialAction":[{"@type":"SearchAction","target":{"@type":"EntryPoint","urlTemplate":"https:\/\/dealbariza.com\/?s={search_term_string}"},"query-input":{"@type":"PropertyValueSpecification","valueRequired":true,"valueName":"search_term_string"}}],"inLanguage":"es"}]}},"_links":{"self":[{"href":"https:\/\/dealbariza.com\/index.php?rest_route=\/wp\/v2\/product\/1230","targetHints":{"allow":["GET"]}}],"collection":[{"href":"https:\/\/dealbariza.com\/index.php?rest_route=\/wp\/v2\/product"}],"about":[{"href":"https:\/\/dealbariza.com\/index.php?rest_route=\/wp\/v2\/types\/product"}],"replies":[{"embeddable":true,"href":"https:\/\/dealbariza.com\/index.php?rest_route=%2Fwp%2Fv2%2Fcomments&post=1230"}],"wp:featuredmedia":[{"embeddable":true,"href":"https:\/\/dealbariza.com\/index.php?rest_route=\/wp\/v2\/media\/1232"}],"wp:attachment":[{"href":"https:\/\/dealbariza.com\/index.php?rest_route=%2Fwp%2Fv2%2Fmedia&parent=1230"}],"wp:term":[{"taxonomy":"product_brand","embeddable":true,"href":"https:\/\/dealbariza.com\/index.php?rest_route=%2Fwp%2Fv2%2Fproduct_brand&post=1230"},{"taxonomy":"product_cat","embeddable":true,"href":"https:\/\/dealbariza.com\/index.php?rest_route=%2Fwp%2Fv2%2Fproduct_cat&post=1230"},{"taxonomy":"product_tag","embeddable":true,"href":"https:\/\/dealbariza.com\/index.php?rest_route=%2Fwp%2Fv2%2Fproduct_tag&post=1230"}],"curies":[{"name":"wp","href":"https:\/\/api.w.org\/{rel}","templated":true}]}}